{"id":1040,"date":"2021-09-16T14:42:50","date_gmt":"2021-09-16T12:42:50","guid":{"rendered":"https:\/\/musikorta.eus\/mci-jh-636-mahaiaren-konponketa\/"},"modified":"2021-09-17T10:19:19","modified_gmt":"2021-09-17T08:19:19","slug":"restauration-du-mixer-mci-jh-636","status":"publish","type":"page","link":"https:\/\/musikorta.eus\/fr\/restauration-du-mixer-mci-jh-636\/","title":{"rendered":"Restauration du mixer MCI-JH-636"},"content":{"rendered":"\t\t<div data-elementor-type=\"wp-page\" data-elementor-id=\"1040\" class=\"elementor elementor-1040 elementor-985\">\n\t\t\t\t\t\t\t\t\t<section class=\"elementor-section elementor-top-section elementor-element elementor-element-24bb9cc0 elementor-section-height-min-height elementor-section-boxed elementor-section-height-default elementor-section-items-middle\" data-id=\"24bb9cc0\" data-element_type=\"section\" data-settings=\"{&quot;background_background&quot;:&quot;classic&quot;}\">\n\t\t\t\t\t\t\t<div class=\"elementor-background-overlay\"><\/div>\n\t\t\t\t\t\t\t<div class=\"elementor-container elementor-column-gap-no\">\n\t\t\t\t\t<div class=\"elementor-column elementor-col-100 elementor-top-column elementor-element elementor-element-2955d80a\" data-id=\"2955d80a\" data-element_type=\"column\">\n\t\t\t<div class=\"elementor-widget-wrap elementor-element-populated\">\n\t\t\t\t\t\t\t\t<div class=\"elementor-element elementor-element-37a09cc5 elementor-widget elementor-widget-heading\" data-id=\"37a09cc5\" data-element_type=\"widget\" data-widget_type=\"heading.default\">\n\t\t\t\t<div class=\"elementor-widget-container\">\n\t\t\t<h1 class=\"elementor-heading-title elementor-size-default\">Restauration du mixer MCI-JH-636<\/h1>\t\t<\/div>\n\t\t\t\t<\/div>\n\t\t\t\t<div class=\"elementor-element elementor-element-564627ca elementor-widget-divider--view-line elementor-widget elementor-widget-divider\" data-id=\"564627ca\" data-element_type=\"widget\" data-widget_type=\"divider.default\">\n\t\t\t\t<div class=\"elementor-widget-container\">\n\t\t\t\t\t<div class=\"elementor-divider\">\n\t\t\t<span class=\"elementor-divider-separator\">\n\t\t\t\t\t\t<\/span>\n\t\t<\/div>\n\t\t\t\t<\/div>\n\t\t\t\t<\/div>\n\t\t\t\t\t<\/div>\n\t\t<\/div>\n\t\t\t\t\t\t\t<\/div>\n\t\t<\/section>\n\t\t\t\t<section class=\"elementor-section elementor-top-section elementor-element elementor-element-560b6f1 elementor-section-boxed elementor-section-height-default elementor-section-height-default\" data-id=\"560b6f1\" data-element_type=\"section\">\n\t\t\t\t\t\t<div class=\"elementor-container elementor-column-gap-no\">\n\t\t\t\t\t<div class=\"elementor-column elementor-col-100 elementor-top-column elementor-element elementor-element-9f74402\" data-id=\"9f74402\" data-element_type=\"column\">\n\t\t\t<div class=\"elementor-widget-wrap elementor-element-populated\">\n\t\t\t\t\t\t\t\t<section class=\"elementor-section elementor-inner-section elementor-element elementor-element-d6328f4 elementor-section-boxed elementor-section-height-default elementor-section-height-default\" data-id=\"d6328f4\" data-element_type=\"section\">\n\t\t\t\t\t\t<div class=\"elementor-container elementor-column-gap-default\">\n\t\t\t\t\t<div class=\"elementor-column elementor-col-50 elementor-inner-column elementor-element elementor-element-0c9ba57\" data-id=\"0c9ba57\" data-element_type=\"column\">\n\t\t\t<div class=\"elementor-widget-wrap elementor-element-populated\">\n\t\t\t\t\t\t\t\t<div class=\"elementor-element elementor-element-4c7362c elementor-widget elementor-widget-text-editor\" data-id=\"4c7362c\" data-element_type=\"widget\" data-widget_type=\"text-editor.default\">\n\t\t\t\t<div class=\"elementor-widget-container\">\n\t\t\t\t\t\t\t<p>Je pense que c\u2019\u00e9tait en avril 2016. Le t\u00e9l\u00e9phone a sonn\u00e9, c\u2019\u00e9tait une personne que je ne connaissais pas. Il m\u2019a dit que quelqu\u2019un lui avait dit que je pourrais \u00eatre int\u00e9ress\u00e9 par une table de son qu\u2019il avait \u00e0 vendre. J\u2019ai r\u00e9pondu non, j\u2019en avais d\u00e9j\u00e0 un que j\u2019avais moi-m\u00eame r\u00e9par\u00e9 et que mon intention \u00e9tait de prendre sa retraite avec elle \u2026 \u201cAh, eh bien \u2026 mais c\u2019\u00e9tait la table de studio Xoxoa, hein?\u201d La table o\u00f9 ils ont enregistr\u00e9 Mikel Laboa, Ruper Ordorika, Oskorri, Itoiz et \u2026 \u201c <\/p><p>\u2013 BIEN. Quand pourrais-je le voir?<\/p>\t\t\t\t\t\t<\/div>\n\t\t\t\t<\/div>\n\t\t\t\t\t<\/div>\n\t\t<\/div>\n\t\t\t\t<div class=\"elementor-column elementor-col-50 elementor-inner-column elementor-element elementor-element-67e600d\" data-id=\"67e600d\" data-element_type=\"column\">\n\t\t\t<div class=\"elementor-widget-wrap elementor-element-populated\">\n\t\t\t\t\t\t\t\t<div class=\"elementor-element elementor-element-da7b6e4 elementor-widget elementor-widget-video\" data-id=\"da7b6e4\" data-element_type=\"widget\" data-settings=\"{&quot;youtube_url&quot;:&quot;https:\\\/\\\/www.youtube.com\\\/watch?v=Pz4cCIfjdkU&quot;,&quot;video_type&quot;:&quot;youtube&quot;,&quot;controls&quot;:&quot;yes&quot;}\" data-widget_type=\"video.default\">\n\t\t\t\t<div class=\"elementor-widget-container\">\n\t\t\t\t\t<div class=\"elementor-wrapper elementor-open-inline\">\n\t\t\t<div class=\"elementor-video\"><\/div>\t\t<\/div>\n\t\t\t\t<\/div>\n\t\t\t\t<\/div>\n\t\t\t\t\t<\/div>\n\t\t<\/div>\n\t\t\t\t\t\t\t<\/div>\n\t\t<\/section>\n\t\t\t\t<section class=\"elementor-section elementor-inner-section elementor-element elementor-element-33b7e90 elementor-section-boxed elementor-section-height-default elementor-section-height-default\" data-id=\"33b7e90\" data-element_type=\"section\">\n\t\t\t\t\t\t<div class=\"elementor-container elementor-column-gap-default\">\n\t\t\t\t\t<div class=\"elementor-column elementor-col-50 elementor-inner-column elementor-element elementor-element-5c7e4bf\" data-id=\"5c7e4bf\" data-element_type=\"column\">\n\t\t\t<div class=\"elementor-widget-wrap elementor-element-populated\">\n\t\t\t\t\t\t\t\t<div class=\"elementor-element elementor-element-a9c1a76 elementor-widget elementor-widget-text-editor\" data-id=\"a9c1a76\" data-element_type=\"widget\" data-widget_type=\"text-editor.default\">\n\t\t\t\t<div class=\"elementor-widget-container\">\n\t\t\t\t\t\t\t<p>\u00c0 premi\u00e8re vue, la table \u00e9tait bris\u00e9e. Il a \u00e9t\u00e9 abandonn\u00e9 avec l\u2019arriv\u00e9e de l\u2019\u00e8re num\u00e9rique et a pass\u00e9 30 ans au-dessus et \u00e0 l\u2019abandon, voyageant dans des entrep\u00f4ts, des entrep\u00f4ts, des bajeras, g\u00eanant partout et sans que personne n\u2019appr\u00e9cie le travail qu\u2019il faisait auparavant. Et j\u2019ai pens\u00e9 \u201csi je ne le r\u00e9pare pas, personne ne le r\u00e9parera et cela ira \u00e0 la ferraille\u201d, et \u201cavec le travail qu\u2019il a fait, avec la musique qui a travers\u00e9 ses veines \u2026\u201d<\/p><p>Et c\u2019est comme \u00e7a que je suis redevenu amoureux. <\/p><p>Et je l\u2019ai accueillie chez moi. Apr\u00e8s l\u2019avoir mise au repos un an et demi, j\u2019ai commenc\u00e9 la r\u00e9paration. La t\u00e2che n\u2019a pas \u00e9t\u00e9 facile: un travail de documentation sans fin, beaucoup de patience, des composants \u00e9lectroniques que je devais emporter de l\u2019autre c\u00f4t\u00e9 du globe, tr\u00e9bucher et me lever, des heures vol\u00e9es pour dormir pour finir ce qui m\u2019obs\u00e9dait \u2026 mais l\u2019amour, c\u2019est l\u2019amour.<\/p>\t\t\t\t\t\t<\/div>\n\t\t\t\t<\/div>\n\t\t\t\t\t<\/div>\n\t\t<\/div>\n\t\t\t\t<div class=\"elementor-column elementor-col-50 elementor-inner-column elementor-element elementor-element-a4b2e70\" data-id=\"a4b2e70\" data-element_type=\"column\">\n\t\t\t<div class=\"elementor-widget-wrap elementor-element-populated\">\n\t\t\t\t\t\t\t\t<div class=\"elementor-element elementor-element-94f35bf elementor-widget elementor-widget-video\" data-id=\"94f35bf\" data-element_type=\"widget\" data-settings=\"{&quot;youtube_url&quot;:&quot;https:\\\/\\\/www.youtube.com\\\/watch?v=ixVacm46uF4&quot;,&quot;video_type&quot;:&quot;youtube&quot;,&quot;controls&quot;:&quot;yes&quot;}\" data-widget_type=\"video.default\">\n\t\t\t\t<div class=\"elementor-widget-container\">\n\t\t\t\t\t<div class=\"elementor-wrapper elementor-open-inline\">\n\t\t\t<div class=\"elementor-video\"><\/div>\t\t<\/div>\n\t\t\t\t<\/div>\n\t\t\t\t<\/div>\n\t\t\t\t\t<\/div>\n\t\t<\/div>\n\t\t\t\t\t\t\t<\/div>\n\t\t<\/section>\n\t\t\t\t<section class=\"elementor-section elementor-inner-section elementor-element elementor-element-e029b22 elementor-section-boxed elementor-section-height-default elementor-section-height-default\" data-id=\"e029b22\" data-element_type=\"section\">\n\t\t\t\t\t\t<div class=\"elementor-container elementor-column-gap-default\">\n\t\t\t\t\t<div class=\"elementor-column elementor-col-100 elementor-inner-column elementor-element elementor-element-17a798d\" data-id=\"17a798d\" data-element_type=\"column\">\n\t\t\t<div class=\"elementor-widget-wrap elementor-element-populated\">\n\t\t\t\t\t\t\t\t<div class=\"elementor-element elementor-element-7db80d71 elementor-widget elementor-widget-heading\" data-id=\"7db80d71\" data-element_type=\"widget\" data-widget_type=\"heading.default\">\n\t\t\t\t<div class=\"elementor-widget-container\">\n\t\t\t<h4 class=\"elementor-heading-title elementor-size-default\">Allons-y!<\/h4>\t\t<\/div>\n\t\t\t\t<\/div>\n\t\t\t\t<div class=\"elementor-element elementor-element-11aa233 elementor-widget elementor-widget-text-editor\" data-id=\"11aa233\" data-element_type=\"widget\" data-widget_type=\"text-editor.default\">\n\t\t\t\t<div class=\"elementor-widget-container\">\n\t\t\t\t\t\t\t<p>Le premier travail consistait \u00e0 r\u00e9parer les blocs d\u2019alimentation. Je parle au pluriel car la table en a deux, une pour les circuits audio et l\u2019autre pour l\u2019\u00e9clairage et l\u2019automatisation.<\/p><p>Les mangeoires ont des signes d\u2019inondation, \u00e0 cause de la boue accumul\u00e9e dans la partie inf\u00e9rieure \u2026 mais bien s\u00fbr, je voulais tout d\u2019abord les tester telles quelles, bien s\u00fbr, sans les connecter \u00e0 la table. \u201cEt voyez ce qui se passe\u201d. Et il est arriv\u00e9 que, comme pr\u00e9vu, des fum\u00e9es se sont produites: condensateurs secs, r\u00e9sistances br\u00fbl\u00e9es, stabilisateurs \u00e9puis\u00e9s, \u2026 Bien au travail! Tout d\u00e9monter, nettoyage g\u00e9n\u00e9ral et localisation des composants d\u00e9fectueux, remplacement de tous les semi-conducteurs et des condensateurs de filtrage, v\u00e9rification et r\u00e9glage \u2026 Un long mois de travail, qui est r\u00e9compens\u00e9 lorsque vous testez les chargeurs et qu\u2019ils fonctionnent. Le premier pas!<\/p><p>Quand j\u2019ai pens\u00e9 \u201csi je commence le module principal, j\u2019\u00e9coute ce tableau\u201d, j\u2019avoue que j\u2019\u00e9tais ravi. Ce serait la premi\u00e8re \u00e9tape pour ressusciter ce tableau de 1980! Mais pour cela, je dois changer tous les condensateurs de couplage de ce module, car on peut penser que, apr\u00e8s si longtemps, ils seront secs. Et voici la prochaine surprise: ces condensateurs sont bipolaires. Je n\u2019ai jamais vu cela sur d\u2019autres circuits sonores, sur une table ou sur un autre appareil. En cherchant des informations, je me rends compte qu\u2019ils ont moins de distorsion que les polaris\u00e9s. Bien! Cela en dit long sur la qualit\u00e9 de cette table. <\/p><p>Pour obtenir ces condensateurs, je devais \u00aballer en Chine\u00bb pour mes achats, car c\u2019est l\u00e0 que le pourcentage le plus \u00e9lev\u00e9 de composants \u00e9lectroniques est fabriqu\u00e9. Je n\u2019ai pas trouv\u00e9 difficile de trouver ces composants sur le r\u00e9seau, avec un peu de patience, bien s\u00fbr \u2026 Je les demande et j\u2019attends un mois. En attendant, j\u2019ai un endroit o\u00f9 passer du temps. Par exemple, \u00e9tudier le syst\u00e8me d\u2019automatisation, am\u00e9liorer le support de la table (les roues sont d\u00e9truites), analyser les modules \u2026<\/p>\t\t\t\t\t\t<\/div>\n\t\t\t\t<\/div>\n\t\t\t\t\t<\/div>\n\t\t<\/div>\n\t\t\t\t\t\t\t<\/div>\n\t\t<\/section>\n\t\t\t\t\t<\/div>\n\t\t<\/div>\n\t\t\t\t\t\t\t<\/div>\n\t\t<\/section>\n\t\t\t\t<section class=\"elementor-section elementor-top-section elementor-element elementor-element-3b9bccb elementor-section-boxed elementor-section-height-default elementor-section-height-default\" data-id=\"3b9bccb\" data-element_type=\"section\">\n\t\t\t\t\t\t<div class=\"elementor-container elementor-column-gap-no\">\n\t\t\t\t\t<div class=\"elementor-column elementor-col-100 elementor-top-column elementor-element elementor-element-ec27042\" data-id=\"ec27042\" data-element_type=\"column\">\n\t\t\t<div class=\"elementor-widget-wrap elementor-element-populated\">\n\t\t\t\t\t\t\t\t<section class=\"elementor-section elementor-inner-section elementor-element elementor-element-4a01a1a elementor-section-boxed elementor-section-height-default elementor-section-height-default\" data-id=\"4a01a1a\" data-element_type=\"section\">\n\t\t\t\t\t\t<div class=\"elementor-container elementor-column-gap-default\">\n\t\t\t\t\t<div class=\"elementor-column elementor-col-50 elementor-inner-column elementor-element elementor-element-78e7bfc\" data-id=\"78e7bfc\" data-element_type=\"column\">\n\t\t\t<div class=\"elementor-widget-wrap elementor-element-populated\">\n\t\t\t\t\t\t\t\t<div class=\"elementor-element elementor-element-4ce9d0d elementor-widget elementor-widget-heading\" data-id=\"4ce9d0d\" data-element_type=\"widget\" data-widget_type=\"heading.default\">\n\t\t\t\t<div class=\"elementor-widget-container\">\n\t\t\t<h4 class=\"elementor-heading-title elementor-size-default\">Un peu d'histoire<\/h4>\t\t<\/div>\n\t\t\t\t<\/div>\n\t\t\t\t<div class=\"elementor-element elementor-element-f5ec9f6 elementor-widget elementor-widget-text-editor\" data-id=\"f5ec9f6\" data-element_type=\"widget\" data-widget_type=\"text-editor.default\">\n\t\t\t\t<div class=\"elementor-widget-container\">\n\t\t\t\t\t\t\t<p>Une fois que je me suis impliqu\u00e9 dans le travail de documentation, je voulais travailler sur la section historique de ce tableau, en plus du technicien. C\u2019est-\u00e0-dire les m\u00e9rites et les aventures de cette table. Et voici comment j\u2019ai appris que ce tableau avait \u00e9t\u00e9 fabriqu\u00e9 sur ordre de Jaime Yarritu de la maison de disques Xoxoa; une table pr\u00e9par\u00e9e pour 36 modules, mais apport\u00e9e depuis le d\u00e9but avec 20 unit\u00e9s. C\u2019\u00e9tait en juin ou juillet 1980.<\/p><p>Cette table de son \u00e9tait entre les mains de Jean Phocas depuis le d\u00e9but. Il \u00e9tait l\u2019ing\u00e9nieur du son de Xoxoa depuis sa cr\u00e9ation. Et la table a commenc\u00e9 \u00e0 fonctionner d\u00e8s le moment o\u00f9 elle a \u00e9t\u00e9 apport\u00e9e, car en 1980, de nombreux disques avaient d\u00e9j\u00e0 \u00e9t\u00e9 enregistr\u00e9s. L\u2019une des premi\u00e8res \u0153uvres est le premier album de Ruper Ordorika, \u201cHautsi da anphora\u201d. Ils aussi sont de 1980 le deuxi\u00e8me LP d\u2019Itoiz, \u201cEzekiel\u201d; \u201cPlazarik plaza\u201d d\u2019Oskorri; \u201cLau-bost\u201d de Mikel Laboa, \u201cZaldi Erratu Hatsa\u201d de I\u00f1aki Eizmendi, \u201cKatebegiak\u201d du groupe Enbor, \u201cAsfaltuko lorea\u201d de Akelarre et \u201cOtsoa dantzan\u201d de Izukaitz. <\/p>\t\t\t\t\t\t<\/div>\n\t\t\t\t<\/div>\n\t\t\t\t\t<\/div>\n\t\t<\/div>\n\t\t\t\t<div class=\"elementor-column elementor-col-50 elementor-inner-column elementor-element elementor-element-60c85a7\" data-id=\"60c85a7\" data-element_type=\"column\">\n\t\t\t<div class=\"elementor-widget-wrap elementor-element-populated\">\n\t\t\t\t\t\t\t\t<div class=\"elementor-element elementor-element-7973334 elementor-widget elementor-widget-image\" data-id=\"7973334\" data-element_type=\"widget\" data-widget_type=\"image.default\">\n\t\t\t\t<div class=\"elementor-widget-container\">\n\t\t\t\t\t\t\t\t\t\t\t\t\t\t\t<img decoding=\"async\" width=\"849\" height=\"800\" src=\"https:\/\/musikorta.eus\/wp-content\/uploads\/2021\/09\/EGAN-MCI-mahaiarekin-xoxoa-849x800.png\" class=\"attachment-large size-large wp-image-989\" alt=\"\" loading=\"lazy\" srcset=\"https:\/\/musikorta.eus\/wp-content\/uploads\/2021\/09\/EGAN-MCI-mahaiarekin-xoxoa-849x800.png 849w, https:\/\/musikorta.eus\/wp-content\/uploads\/2021\/09\/EGAN-MCI-mahaiarekin-xoxoa-800x754.png 800w, https:\/\/musikorta.eus\/wp-content\/uploads\/2021\/09\/EGAN-MCI-mahaiarekin-xoxoa-768x723.png 768w, https:\/\/musikorta.eus\/wp-content\/uploads\/2021\/09\/EGAN-MCI-mahaiarekin-xoxoa.png 1500w\" sizes=\"(max-width: 849px) 100vw, 849px\" \/>\t\t\t\t\t\t\t\t\t\t\t\t\t\t\t<\/div>\n\t\t\t\t<\/div>\n\t\t\t\t\t<\/div>\n\t\t<\/div>\n\t\t\t\t\t\t\t<\/div>\n\t\t<\/section>\n\t\t\t\t\t<\/div>\n\t\t<\/div>\n\t\t\t\t\t\t\t<\/div>\n\t\t<\/section>\n\t\t\t\t\t\t\t<\/div>\n\t\t","protected":false},"excerpt":{"rendered":"<p>Restauration du mixer MCI-JH-636 Je pense que c\u2019\u00e9tait en avril 2016. Le t\u00e9l\u00e9phone a sonn\u00e9, c\u2019\u00e9tait une personne que je ne connaissais pas. Il m\u2019a dit que quelqu\u2019un lui avait dit que je pourrais \u00eatre int\u00e9ress\u00e9 par une table de son qu\u2019il avait \u00e0 vendre. J\u2019ai r\u00e9pondu non, j\u2019en avais d\u00e9j\u00e0 un que j\u2019avais moi-m\u00eame &hellip;<\/p>\n<p class=\"read-more\"> <a class=\"\" href=\"https:\/\/musikorta.eus\/fr\/restauration-du-mixer-mci-jh-636\/\"> <span class=\"screen-reader-text\">Restauration du mixer MCI-JH-636<\/span> Lire la suite\u00a0\u00bb<\/a><\/p>\n","protected":false},"author":1,"featured_media":0,"parent":0,"menu_order":0,"comment_status":"closed","ping_status":"closed","template":"","meta":{"site-sidebar-layout":"no-sidebar","site-content-layout":"page-builder","ast-global-header-display":"","ast-main-header-display":"","ast-hfb-above-header-display":"","ast-hfb-below-header-display":"","ast-hfb-mobile-header-display":"","site-post-title":"disabled","ast-breadcrumbs-content":"disabled","ast-featured-img":"disabled","footer-sml-layout":"","theme-transparent-header-meta":"enabled","adv-header-id-meta":"","stick-header-meta":"","header-above-stick-meta":"","header-main-stick-meta":"","header-below-stick-meta":""},"yoast_head":"<!-- This site is optimized with the Yoast SEO plugin v20.4 - https:\/\/yoast.com\/wordpress\/plugins\/seo\/ -->\n<title>Restauration du mixer MCI-JH-636 - Musikorta<\/title>\n<meta name=\"robots\" content=\"index, follow, max-snippet:-1, max-image-preview:large, max-video-preview:-1\" \/>\n<link rel=\"canonical\" href=\"https:\/\/musikorta.eus\/fr\/restauration-du-mixer-mci-jh-636\/\" \/>\n<meta property=\"og:locale\" content=\"fr_FR\" \/>\n<meta property=\"og:type\" content=\"article\" \/>\n<meta property=\"og:title\" content=\"Restauration du mixer MCI-JH-636 - Musikorta\" \/>\n<meta property=\"og:description\" content=\"Restauration du mixer MCI-JH-636 Je pense que c\u2019\u00e9tait en avril 2016. Le t\u00e9l\u00e9phone a sonn\u00e9, c\u2019\u00e9tait une personne que je ne connaissais pas. Il m\u2019a dit que quelqu\u2019un lui avait dit que je pourrais \u00eatre int\u00e9ress\u00e9 par une table de son qu\u2019il avait \u00e0 vendre. J\u2019ai r\u00e9pondu non, j\u2019en avais d\u00e9j\u00e0 un que j\u2019avais moi-m\u00eame &hellip; Restauration du mixer MCI-JH-636 Lire la suite\u00a0\u00bb\" \/>\n<meta property=\"og:url\" content=\"https:\/\/musikorta.eus\/fr\/restauration-du-mixer-mci-jh-636\/\" \/>\n<meta property=\"og:site_name\" content=\"Musikorta\" \/>\n<meta property=\"article:modified_time\" content=\"2021-09-17T08:19:19+00:00\" \/>\n<meta property=\"og:image\" content=\"https:\/\/musikorta.eus\/wp-content\/uploads\/2021\/09\/EGAN-MCI-mahaiarekin-xoxoa-849x800.png\" \/>\n<meta name=\"twitter:card\" content=\"summary_large_image\" \/>\n<meta name=\"twitter:label1\" content=\"Dur\u00e9e de lecture estim\u00e9e\" \/>\n\t<meta name=\"twitter:data1\" content=\"4 minutes\" \/>\n<script type=\"application\/ld+json\" class=\"yoast-schema-graph\">{\"@context\":\"https:\/\/schema.org\",\"@graph\":[{\"@type\":\"WebPage\",\"@id\":\"https:\/\/musikorta.eus\/fr\/restauration-du-mixer-mci-jh-636\/\",\"url\":\"https:\/\/musikorta.eus\/fr\/restauration-du-mixer-mci-jh-636\/\",\"name\":\"Restauration du mixer MCI-JH-636 - Musikorta\",\"isPartOf\":{\"@id\":\"https:\/\/musikorta.eus\/#website\"},\"datePublished\":\"2021-09-16T12:42:50+00:00\",\"dateModified\":\"2021-09-17T08:19:19+00:00\",\"breadcrumb\":{\"@id\":\"https:\/\/musikorta.eus\/fr\/restauration-du-mixer-mci-jh-636\/#breadcrumb\"},\"inLanguage\":\"fr-FR\",\"potentialAction\":[{\"@type\":\"ReadAction\",\"target\":[\"https:\/\/musikorta.eus\/fr\/restauration-du-mixer-mci-jh-636\/\"]}]},{\"@type\":\"BreadcrumbList\",\"@id\":\"https:\/\/musikorta.eus\/fr\/restauration-du-mixer-mci-jh-636\/#breadcrumb\",\"itemListElement\":[{\"@type\":\"ListItem\",\"position\":1,\"name\":\"Home\",\"item\":\"https:\/\/musikorta.eus\/fr\/\"},{\"@type\":\"ListItem\",\"position\":2,\"name\":\"Restauration du mixer MCI-JH-636\"}]},{\"@type\":\"WebSite\",\"@id\":\"https:\/\/musikorta.eus\/#website\",\"url\":\"https:\/\/musikorta.eus\/\",\"name\":\"Musikorta\",\"description\":\"Musika estudioa Amoroton\",\"publisher\":{\"@id\":\"https:\/\/musikorta.eus\/#organization\"},\"potentialAction\":[{\"@type\":\"SearchAction\",\"target\":{\"@type\":\"EntryPoint\",\"urlTemplate\":\"https:\/\/musikorta.eus\/?s={search_term_string}\"},\"query-input\":\"required name=search_term_string\"}],\"inLanguage\":\"fr-FR\"},{\"@type\":\"Organization\",\"@id\":\"https:\/\/musikorta.eus\/#organization\",\"name\":\"Musikorta\",\"url\":\"https:\/\/musikorta.eus\/\",\"logo\":{\"@type\":\"ImageObject\",\"inLanguage\":\"fr-FR\",\"@id\":\"https:\/\/musikorta.eus\/#\/schema\/logo\/image\/\",\"url\":\"https:\/\/musikorta.eus\/wp-content\/uploads\/2021\/09\/musikorta.jpg\",\"contentUrl\":\"https:\/\/musikorta.eus\/wp-content\/uploads\/2021\/09\/musikorta.jpg\",\"width\":512,\"height\":498,\"caption\":\"Musikorta\"},\"image\":{\"@id\":\"https:\/\/musikorta.eus\/#\/schema\/logo\/image\/\"}}]}<\/script>\n<!-- \/ Yoast SEO plugin. -->","yoast_head_json":{"title":"Restauration du mixer MCI-JH-636 - Musikorta","robots":{"index":"index","follow":"follow","max-snippet":"max-snippet:-1","max-image-preview":"max-image-preview:large","max-video-preview":"max-video-preview:-1"},"canonical":"https:\/\/musikorta.eus\/fr\/restauration-du-mixer-mci-jh-636\/","og_locale":"fr_FR","og_type":"article","og_title":"Restauration du mixer MCI-JH-636 - Musikorta","og_description":"Restauration du mixer MCI-JH-636 Je pense que c\u2019\u00e9tait en avril 2016. Le t\u00e9l\u00e9phone a sonn\u00e9, c\u2019\u00e9tait une personne que je ne connaissais pas. Il m\u2019a dit que quelqu\u2019un lui avait dit que je pourrais \u00eatre int\u00e9ress\u00e9 par une table de son qu\u2019il avait \u00e0 vendre. J\u2019ai r\u00e9pondu non, j\u2019en avais d\u00e9j\u00e0 un que j\u2019avais moi-m\u00eame &hellip; Restauration du mixer MCI-JH-636 Lire la suite\u00a0\u00bb","og_url":"https:\/\/musikorta.eus\/fr\/restauration-du-mixer-mci-jh-636\/","og_site_name":"Musikorta","article_modified_time":"2021-09-17T08:19:19+00:00","og_image":[{"url":"https:\/\/musikorta.eus\/wp-content\/uploads\/2021\/09\/EGAN-MCI-mahaiarekin-xoxoa-849x800.png"}],"twitter_card":"summary_large_image","twitter_misc":{"Dur\u00e9e de lecture estim\u00e9e":"4 minutes"},"schema":{"@context":"https:\/\/schema.org","@graph":[{"@type":"WebPage","@id":"https:\/\/musikorta.eus\/fr\/restauration-du-mixer-mci-jh-636\/","url":"https:\/\/musikorta.eus\/fr\/restauration-du-mixer-mci-jh-636\/","name":"Restauration du mixer MCI-JH-636 - Musikorta","isPartOf":{"@id":"https:\/\/musikorta.eus\/#website"},"datePublished":"2021-09-16T12:42:50+00:00","dateModified":"2021-09-17T08:19:19+00:00","breadcrumb":{"@id":"https:\/\/musikorta.eus\/fr\/restauration-du-mixer-mci-jh-636\/#breadcrumb"},"inLanguage":"fr-FR","potentialAction":[{"@type":"ReadAction","target":["https:\/\/musikorta.eus\/fr\/restauration-du-mixer-mci-jh-636\/"]}]},{"@type":"BreadcrumbList","@id":"https:\/\/musikorta.eus\/fr\/restauration-du-mixer-mci-jh-636\/#breadcrumb","itemListElement":[{"@type":"ListItem","position":1,"name":"Home","item":"https:\/\/musikorta.eus\/fr\/"},{"@type":"ListItem","position":2,"name":"Restauration du mixer MCI-JH-636"}]},{"@type":"WebSite","@id":"https:\/\/musikorta.eus\/#website","url":"https:\/\/musikorta.eus\/","name":"Musikorta","description":"Musika estudioa Amoroton","publisher":{"@id":"https:\/\/musikorta.eus\/#organization"},"potentialAction":[{"@type":"SearchAction","target":{"@type":"EntryPoint","urlTemplate":"https:\/\/musikorta.eus\/?s={search_term_string}"},"query-input":"required name=search_term_string"}],"inLanguage":"fr-FR"},{"@type":"Organization","@id":"https:\/\/musikorta.eus\/#organization","name":"Musikorta","url":"https:\/\/musikorta.eus\/","logo":{"@type":"ImageObject","inLanguage":"fr-FR","@id":"https:\/\/musikorta.eus\/#\/schema\/logo\/image\/","url":"https:\/\/musikorta.eus\/wp-content\/uploads\/2021\/09\/musikorta.jpg","contentUrl":"https:\/\/musikorta.eus\/wp-content\/uploads\/2021\/09\/musikorta.jpg","width":512,"height":498,"caption":"Musikorta"},"image":{"@id":"https:\/\/musikorta.eus\/#\/schema\/logo\/image\/"}}]}},"_links":{"self":[{"href":"https:\/\/musikorta.eus\/fr\/wp-json\/wp\/v2\/pages\/1040"}],"collection":[{"href":"https:\/\/musikorta.eus\/fr\/wp-json\/wp\/v2\/pages"}],"about":[{"href":"https:\/\/musikorta.eus\/fr\/wp-json\/wp\/v2\/types\/page"}],"author":[{"embeddable":true,"href":"https:\/\/musikorta.eus\/fr\/wp-json\/wp\/v2\/users\/1"}],"replies":[{"embeddable":true,"href":"https:\/\/musikorta.eus\/fr\/wp-json\/wp\/v2\/comments?post=1040"}],"version-history":[{"count":4,"href":"https:\/\/musikorta.eus\/fr\/wp-json\/wp\/v2\/pages\/1040\/revisions"}],"predecessor-version":[{"id":1161,"href":"https:\/\/musikorta.eus\/fr\/wp-json\/wp\/v2\/pages\/1040\/revisions\/1161"}],"wp:attachment":[{"href":"https:\/\/musikorta.eus\/fr\/wp-json\/wp\/v2\/media?parent=1040"}],"curies":[{"name":"wp","href":"https:\/\/api.w.org\/{rel}","templated":true}]}}