{"id":1030,"date":"2021-09-16T14:22:57","date_gmt":"2021-09-16T12:22:57","guid":{"rendered":"https:\/\/musikorta.eus\/eskaintzak\/"},"modified":"2025-10-03T07:23:22","modified_gmt":"2025-10-03T05:23:22","slug":"offres","status":"publish","type":"page","link":"https:\/\/musikorta.eus\/fr\/offres\/","title":{"rendered":"Offres"},"content":{"rendered":"\t\t<div data-elementor-type=\"wp-page\" data-elementor-id=\"1030\" class=\"elementor elementor-1030 elementor-967\">\n\t\t\t\t\t\t\t\t\t<section class=\"elementor-section elementor-top-section elementor-element elementor-element-78d0dd32 elementor-section-height-min-height elementor-section-boxed elementor-section-height-default elementor-section-items-middle\" data-id=\"78d0dd32\" data-element_type=\"section\" data-settings=\"{&quot;background_background&quot;:&quot;classic&quot;}\">\n\t\t\t\t\t\t\t<div class=\"elementor-background-overlay\"><\/div>\n\t\t\t\t\t\t\t<div class=\"elementor-container elementor-column-gap-no\">\n\t\t\t\t\t<div class=\"elementor-column elementor-col-100 elementor-top-column elementor-element elementor-element-4a55a870\" data-id=\"4a55a870\" data-element_type=\"column\">\n\t\t\t<div class=\"elementor-widget-wrap elementor-element-populated\">\n\t\t\t\t\t\t\t\t<div class=\"elementor-element elementor-element-ff025a2 elementor-widget elementor-widget-heading\" data-id=\"ff025a2\" data-element_type=\"widget\" data-widget_type=\"heading.default\">\n\t\t\t\t<div class=\"elementor-widget-container\">\n\t\t\t<h1 class=\"elementor-heading-title elementor-size-default\">Offres<\/h1>\t\t<\/div>\n\t\t\t\t<\/div>\n\t\t\t\t<div class=\"elementor-element elementor-element-1dbb4b5b elementor-widget-divider--view-line elementor-widget elementor-widget-divider\" data-id=\"1dbb4b5b\" data-element_type=\"widget\" data-widget_type=\"divider.default\">\n\t\t\t\t<div class=\"elementor-widget-container\">\n\t\t\t\t\t<div class=\"elementor-divider\">\n\t\t\t<span class=\"elementor-divider-separator\">\n\t\t\t\t\t\t<\/span>\n\t\t<\/div>\n\t\t\t\t<\/div>\n\t\t\t\t<\/div>\n\t\t\t\t\t<\/div>\n\t\t<\/div>\n\t\t\t\t\t\t\t<\/div>\n\t\t<\/section>\n\t\t\t\t<section class=\"elementor-section elementor-top-section elementor-element elementor-element-1a2989f2 elementor-section-boxed elementor-section-height-default elementor-section-height-default\" data-id=\"1a2989f2\" data-element_type=\"section\">\n\t\t\t\t\t\t<div class=\"elementor-container elementor-column-gap-no\">\n\t\t\t\t\t<div class=\"elementor-column elementor-col-100 elementor-top-column elementor-element elementor-element-700e7042\" data-id=\"700e7042\" data-element_type=\"column\">\n\t\t\t<div class=\"elementor-widget-wrap elementor-element-populated\">\n\t\t\t\t\t\t\t\t<section class=\"elementor-section elementor-inner-section elementor-element elementor-element-1876ff64 elementor-section-boxed elementor-section-height-default elementor-section-height-default\" data-id=\"1876ff64\" data-element_type=\"section\">\n\t\t\t\t\t\t<div class=\"elementor-container elementor-column-gap-default\">\n\t\t\t\t\t<div class=\"elementor-column elementor-col-100 elementor-inner-column elementor-element elementor-element-5ecf3a3b\" data-id=\"5ecf3a3b\" data-element_type=\"column\">\n\t\t\t<div class=\"elementor-widget-wrap elementor-element-populated\">\n\t\t\t\t\t\t\t\t<div class=\"elementor-element elementor-element-69f57fc6 elementor-widget elementor-widget-heading\" data-id=\"69f57fc6\" data-element_type=\"widget\" data-widget_type=\"heading.default\">\n\t\t\t\t<div class=\"elementor-widget-container\">\n\t\t\t<h3 class=\"elementor-heading-title elementor-size-default\">Offre pour les bands<\/h3>\t\t<\/div>\n\t\t\t\t<\/div>\n\t\t\t\t\t<\/div>\n\t\t<\/div>\n\t\t\t\t\t\t\t<\/div>\n\t\t<\/section>\n\t\t\t\t<div class=\"elementor-element elementor-element-0de881e elementor-widget elementor-widget-text-editor\" data-id=\"0de881e\" data-element_type=\"widget\" data-widget_type=\"text-editor.default\">\n\t\t\t\t<div class=\"elementor-widget-container\">\n\t\t\t\t\t\t\t<div class=\"gdlr-item gdlr-content-item\"><p>Musikorta est un endroit calme et magnifique, entour\u00e9 par la nature et loin du bruit. Pour que vous puissiez composer, enregistrer ou simplement rester musicalement calme, nous vous pr\u00e9sentons ici notre offre:<\/p><\/div>\t\t\t\t\t\t<\/div>\n\t\t\t\t<\/div>\n\t\t\t\t<section class=\"elementor-section elementor-inner-section elementor-element elementor-element-4d7dcd6d elementor-section-boxed elementor-section-height-default elementor-section-height-default\" data-id=\"4d7dcd6d\" data-element_type=\"section\">\n\t\t\t\t\t\t<div class=\"elementor-container elementor-column-gap-default\">\n\t\t\t\t\t<div class=\"elementor-column elementor-col-33 elementor-inner-column elementor-element elementor-element-3853ccb7\" data-id=\"3853ccb7\" data-element_type=\"column\">\n\t\t\t<div class=\"elementor-widget-wrap elementor-element-populated\">\n\t\t\t\t\t\t\t\t<div class=\"elementor-element elementor-element-8ed5f4a elementor-widget elementor-widget-heading\" data-id=\"8ed5f4a\" data-element_type=\"widget\" data-widget_type=\"heading.default\">\n\t\t\t\t<div class=\"elementor-widget-container\">\n\t\t\t<h4 class=\"elementor-heading-title elementor-size-default\">AVEC TECHNICIEN<\/h4>\t\t<\/div>\n\t\t\t\t<\/div>\n\t\t\t\t<div class=\"elementor-element elementor-element-0bcf75c elementor-widget elementor-widget-text-editor\" data-id=\"0bcf75c\" data-element_type=\"widget\" data-widget_type=\"text-editor.default\">\n\t\t\t\t<div class=\"elementor-widget-container\">\n\t\t\t\t\t\t\t<ul><li>Studio d\u2019enregistrement, avec salle de contr\u00f4le et d\u2019enregistrement. Nous avons des toilettes avec douche et eau chaude.<\/li><li>Table analogique MCI JH-636<\/li><li>Ordinateur iClons (Apple), avec s\u00e9quenceurs Cubase 10.5.<\/li><li>Carte de son Antelope Orion+ (32 entr\u00e9es + 32 sorties analogiques).<\/li><li>Ensemble de microphones de base: Shure b\u00eata 52, 2 x Shure SM57, 5 x Shure SM58, 3 x Calrec CM1050C, Sennheiser MD421, Sennheiser MD441, ruban Superlux R100 (x2), \u2026 (check out)<\/li><li>Assistance technique, si n\u00e9cessaire.<\/li><li>L\u2019\u00e9tude peut \u00eatre utilis\u00e9e de 9 heures du matin \u00e0 10 heures du soir. <span lang=\"fr\"><span title=\"\">\u00c0 midi, nous nous reposons pour manger.<\/span><\/span>.<\/li><\/ul><div><p>DES PRIX:<\/p><p>\u00a0\u00a0\u00a0 Premi\u00e8re semaine : 1500 \u20ac<br \/>\u00a0\u00a0\u00a0 2\u00e8me semaine : 1200 \u20ac<br \/>\u00a0\u00a0\u00a0 3\u00e8me semaine : 900 \u20ac<br \/>\u00a0\u00a0\u00a0 4\u00e8me semaine : 500 \u20ac.<\/p><\/div>\t\t\t\t\t\t<\/div>\n\t\t\t\t<\/div>\n\t\t\t\t\t<\/div>\n\t\t<\/div>\n\t\t\t\t<div class=\"elementor-column elementor-col-33 elementor-inner-column elementor-element elementor-element-2a190e94\" data-id=\"2a190e94\" data-element_type=\"column\">\n\t\t\t<div class=\"elementor-widget-wrap elementor-element-populated\">\n\t\t\t\t\t\t\t\t<div class=\"elementor-element elementor-element-5fc0c76 elementor-widget elementor-widget-heading\" data-id=\"5fc0c76\" data-element_type=\"widget\" data-widget_type=\"heading.default\">\n\t\t\t\t<div class=\"elementor-widget-container\">\n\t\t\t<h4 class=\"elementor-heading-title elementor-size-default\">SANS TECHNICIEN<\/h4>\t\t<\/div>\n\t\t\t\t<\/div>\n\t\t\t\t<div class=\"elementor-element elementor-element-3fc9158 elementor-widget elementor-widget-text-editor\" data-id=\"3fc9158\" data-element_type=\"widget\" data-widget_type=\"text-editor.default\">\n\t\t\t\t<div class=\"elementor-widget-container\">\n\t\t\t\t\t\t\t<ul><li>Cette offre est pour les groupes <b>AVEC son technicien d&rsquo;enregistrement<\/b>.<\/li><li>Studio d\u2019enregistrement, avec salle de contr\u00f4le et d\u2019enregistrement. Nous avons des toilettes avec douche et eau chaude.<\/li><li>Table analogique MCI JH-636<\/li><li>Ordinateur iClons (Apple), avec s\u00e9quenceurs Cubase 10.5.<\/li><li>Carte de son Antelope Orion+ (32 entr\u00e9es + 32 sorties analogiques).<br \/>Si vous pr\u00e9f\u00e9rez, vous pouvez apporter votre propre ordinateur. La connexion \u00e0 la carte de son Antelope Orion+ se fait via USB3 ou Thunderbolt.<\/li><li>Ensemble de microphones de base: Shure b\u00eata 52, 2 x Shure SM57, 5 x Shure SM58, 3 x Calrec CM1050C, Sennheiser MD421, Sennheiser MD441, ruban Superlux R100 (x2), \u2026 (consulter).<\/li><li>Assistance technique, si n\u00e9cessaire.<\/li><li>L\u2019\u00e9tude peut \u00eatre utilis\u00e9e de 9 heures du matin \u00e0 10 heures du soir. <span lang=\"fr\"><span title=\"\">\u00c0 midi, nous nous reposons pour manger.<\/span><\/span>.<\/li><\/ul><div>\u00a0<\/div><div><p>DES PRIX:<\/p><p>\u00a0\u00a0\u00a0 Premi\u00e8re semaine : 1000 \u20ac<br \/>\u00a0\u00a0\u00a0 2\u00e8me semaine : 800 \u20ac<br \/>\u00a0\u00a0\u00a0 3\u00e8me semaine : 600 \u20ac<br \/>\u00a0\u00a0\u00a0 4\u00e8me semaine : 400 \u20ac.<\/p><\/div>\t\t\t\t\t\t<\/div>\n\t\t\t\t<\/div>\n\t\t\t\t\t<\/div>\n\t\t<\/div>\n\t\t\t\t<div class=\"elementor-column elementor-col-33 elementor-inner-column elementor-element elementor-element-414c04d\" data-id=\"414c04d\" data-element_type=\"column\">\n\t\t\t<div class=\"elementor-widget-wrap elementor-element-populated\">\n\t\t\t\t\t\t\t\t<div class=\"elementor-element elementor-element-20c9c58 elementor-widget elementor-widget-heading\" data-id=\"20c9c58\" data-element_type=\"widget\" data-widget_type=\"heading.default\">\n\t\t\t\t<div class=\"elementor-widget-container\">\n\t\t\t<h4 class=\"elementor-heading-title elementor-size-default\">H\u00c9BERGEMENT ET REPAS<\/h4>\t\t<\/div>\n\t\t\t\t<\/div>\n\t\t\t\t<div class=\"elementor-element elementor-element-3cc74bb elementor-widget elementor-widget-text-editor\" data-id=\"3cc74bb\" data-element_type=\"widget\" data-widget_type=\"text-editor.default\">\n\t\t\t\t<div class=\"elementor-widget-container\">\n\t\t\t\t\t\t\t<p><br \/>En dessous de notre ferme, il y a un agrotourisme o\u00f9 vous pouvez s\u00e9journer. Si vous le souhaitez, nous pouvons faire la gestion pour vous.<br \/>Vous pouvez d\u00e9jeuner et d\u00eener au bar Gizaburuaga, \u00e0 3 min. en voiture. Bonne qualit\u00e9 \u00e0 bon prix.<\/p>\t\t\t\t\t\t<\/div>\n\t\t\t\t<\/div>\n\t\t\t\t\t<\/div>\n\t\t<\/div>\n\t\t\t\t\t\t\t<\/div>\n\t\t<\/section>\n\t\t\t\t\t<\/div>\n\t\t<\/div>\n\t\t\t\t\t\t\t<\/div>\n\t\t<\/section>\n\t\t\t\t<section class=\"elementor-section elementor-top-section elementor-element elementor-element-f51fc30 elementor-section-boxed elementor-section-height-default elementor-section-height-default\" data-id=\"f51fc30\" data-element_type=\"section\">\n\t\t\t\t\t\t<div class=\"elementor-container elementor-column-gap-no\">\n\t\t\t\t\t<div class=\"elementor-column elementor-col-100 elementor-top-column elementor-element elementor-element-2802f8d\" data-id=\"2802f8d\" data-element_type=\"column\">\n\t\t\t<div class=\"elementor-widget-wrap elementor-element-populated\">\n\t\t\t\t\t\t\t\t<section class=\"elementor-section elementor-inner-section elementor-element elementor-element-bd68b31 elementor-section-boxed elementor-section-height-default elementor-section-height-default\" data-id=\"bd68b31\" data-element_type=\"section\">\n\t\t\t\t\t\t<div class=\"elementor-container elementor-column-gap-default\">\n\t\t\t\t\t<div class=\"elementor-column elementor-col-100 elementor-inner-column elementor-element elementor-element-a64ecde\" data-id=\"a64ecde\" data-element_type=\"column\">\n\t\t\t<div class=\"elementor-widget-wrap elementor-element-populated\">\n\t\t\t\t\t\t\t\t<div class=\"elementor-element elementor-element-5347cb9 elementor-widget elementor-widget-heading\" data-id=\"5347cb9\" data-element_type=\"widget\" data-widget_type=\"heading.default\">\n\t\t\t\t<div class=\"elementor-widget-container\">\n\t\t\t<h3 class=\"elementor-heading-title elementor-size-default\">Offre pour le week-end<\/h3>\t\t<\/div>\n\t\t\t\t<\/div>\n\t\t\t\t\t<\/div>\n\t\t<\/div>\n\t\t\t\t\t\t\t<\/div>\n\t\t<\/section>\n\t\t\t\t<div class=\"elementor-element elementor-element-a3766a7 elementor-widget elementor-widget-text-editor\" data-id=\"a3766a7\" data-element_type=\"widget\" data-widget_type=\"text-editor.default\">\n\t\t\t\t<div class=\"elementor-widget-container\">\n\t\t\t\t\t\t\t<p>Samedi et dimanche de 9h00 \u00e0 14h00 et de 16h00 \u00e0 21h00 (10 heures par jour).<\/p>\t\t\t\t\t\t<\/div>\n\t\t\t\t<\/div>\n\t\t\t\t<section class=\"elementor-section elementor-inner-section elementor-element elementor-element-01af11d elementor-section-boxed elementor-section-height-default elementor-section-height-default\" data-id=\"01af11d\" data-element_type=\"section\">\n\t\t\t\t\t\t<div class=\"elementor-container elementor-column-gap-default\">\n\t\t\t\t\t<div class=\"elementor-column elementor-col-100 elementor-inner-column elementor-element elementor-element-1b01173\" data-id=\"1b01173\" data-element_type=\"column\">\n\t\t\t<div class=\"elementor-widget-wrap elementor-element-populated\">\n\t\t\t\t\t\t\t\t<div class=\"elementor-element elementor-element-27d4c02 elementor-widget elementor-widget-heading\" data-id=\"27d4c02\" data-element_type=\"widget\" data-widget_type=\"heading.default\">\n\t\t\t\t<div class=\"elementor-widget-container\">\n\t\t\t<h4 class=\"elementor-heading-title elementor-size-default\">Conditions et prix<\/h4>\t\t<\/div>\n\t\t\t\t<\/div>\n\t\t\t\t<div class=\"elementor-element elementor-element-aeb1298 elementor-widget elementor-widget-text-editor\" data-id=\"aeb1298\" data-element_type=\"widget\" data-widget_type=\"text-editor.default\">\n\t\t\t\t<div class=\"elementor-widget-container\">\n\t\t\t\t\t\t\t<ul>\n<li>Possibilit\u00e9 d\u2019utiliser tout le mat\u00e9riel d\u2019\u00e9tude, technicien son inclus. Prix 800 \u20ac le fin de semaine, 600\u20ac les jours ouvrables.<\/li>\n<li>Kit d\u2019enregistrement de base et sans technicien. Prix 600 \u20ac le fin de semaine, 450\u20ac les jours ouvrables.<\/li>\n<li>En cas de manque d\u2019h\u00e9bergement et \/ ou de repas, consultez.<\/li>\n<\/ul>\t\t\t\t\t\t<\/div>\n\t\t\t\t<\/div>\n\t\t\t\t\t<\/div>\n\t\t<\/div>\n\t\t\t\t\t\t\t<\/div>\n\t\t<\/section>\n\t\t\t\t\t<\/div>\n\t\t<\/div>\n\t\t\t\t\t\t\t<\/div>\n\t\t<\/section>\n\t\t\t\t<section class=\"elementor-section elementor-top-section elementor-element elementor-element-4143471 elementor-section-boxed elementor-section-height-default elementor-section-height-default\" data-id=\"4143471\" data-element_type=\"section\">\n\t\t\t\t\t\t<div class=\"elementor-container elementor-column-gap-no\">\n\t\t\t\t\t<div class=\"elementor-column elementor-col-100 elementor-top-column elementor-element elementor-element-3d00fbc\" data-id=\"3d00fbc\" data-element_type=\"column\">\n\t\t\t<div class=\"elementor-widget-wrap elementor-element-populated\">\n\t\t\t\t\t\t\t\t<section class=\"elementor-section elementor-inner-section elementor-element elementor-element-714bbb6 elementor-section-boxed elementor-section-height-default elementor-section-height-default\" data-id=\"714bbb6\" data-element_type=\"section\">\n\t\t\t\t\t\t<div class=\"elementor-container elementor-column-gap-default\">\n\t\t\t\t\t<div class=\"elementor-column elementor-col-100 elementor-inner-column elementor-element elementor-element-68421b6\" data-id=\"68421b6\" data-element_type=\"column\">\n\t\t\t<div class=\"elementor-widget-wrap elementor-element-populated\">\n\t\t\t\t\t\t\t\t<div class=\"elementor-element elementor-element-85312ff elementor-widget elementor-widget-heading\" data-id=\"85312ff\" data-element_type=\"widget\" data-widget_type=\"heading.default\">\n\t\t\t\t<div class=\"elementor-widget-container\">\n\t\t\t<h3 class=\"elementor-heading-title elementor-size-default\">Location de l'\u00e9tude (sans technicien)<\/h3>\t\t<\/div>\n\t\t\t\t<\/div>\n\t\t\t\t\t<\/div>\n\t\t<\/div>\n\t\t\t\t\t\t\t<\/div>\n\t\t<\/section>\n\t\t\t\t<div class=\"elementor-element elementor-element-715f745 elementor-widget elementor-widget-text-editor\" data-id=\"715f745\" data-element_type=\"widget\" data-widget_type=\"text-editor.default\">\n\t\t\t\t<div class=\"elementor-widget-container\">\n\t\t\t\t\t\t\tSi vous vous r\u00e9parez vous-m\u00eame, nous pouvons louer le studio sans technicien. \t\t\t\t\t\t<\/div>\n\t\t\t\t<\/div>\n\t\t\t\t<section class=\"elementor-section elementor-inner-section elementor-element elementor-element-f2b0588 elementor-section-boxed elementor-section-height-default elementor-section-height-default\" data-id=\"f2b0588\" data-element_type=\"section\">\n\t\t\t\t\t\t<div class=\"elementor-container elementor-column-gap-default\">\n\t\t\t\t\t<div class=\"elementor-column elementor-col-100 elementor-inner-column elementor-element elementor-element-31b47a5\" data-id=\"31b47a5\" data-element_type=\"column\">\n\t\t\t<div class=\"elementor-widget-wrap elementor-element-populated\">\n\t\t\t\t\t\t\t\t<div class=\"elementor-element elementor-element-7b03bb6 elementor-widget elementor-widget-heading\" data-id=\"7b03bb6\" data-element_type=\"widget\" data-widget_type=\"heading.default\">\n\t\t\t\t<div class=\"elementor-widget-container\">\n\t\t\t<h4 class=\"elementor-heading-title elementor-size-default\">Conditions et prix<\/h4>\t\t<\/div>\n\t\t\t\t<\/div>\n\t\t\t\t<div class=\"elementor-element elementor-element-156d4db elementor-widget elementor-widget-text-editor\" data-id=\"156d4db\" data-element_type=\"widget\" data-widget_type=\"text-editor.default\">\n\t\t\t\t<div class=\"elementor-widget-container\">\n\t\t\t\t\t\t\t<ul><li>Minimum 2 jours.<\/li><li>Studio d\u2019enregistrement avec salle de contr\u00f4le et d\u2019enregistrement. Nous avons des toilettes avec douche et eau chaude.<\/li><li>Table analogique MCI JH-636<\/li><li>Ordinateur iClons (Apple), avec Cubase 10.5.<\/li><li>Carte de son Antelope Orion+ (32 entr\u00e9es + 32 sorties analogiques).<br \/>Si vous pr\u00e9f\u00e9rez, vous pouvez apporter votre propre ordinateur. La connexion \u00e0 la carte de son Antelope Orion+ se fait via USB3 ou Thunderbolt.<\/li><li>Ensemble de microphones de base: Shure b\u00eata 52, 2 x Shure SM57, 5 x Shure SM58, 3 x Calrec CM1050C, Sennheiser MD421, Sennheiser MD441, ruban Superlux R100 (x2), \u2026 (demander)<\/li><li>L\u2019\u00e9tude peut \u00eatre utilis\u00e9e de 9h00 \u00e0 22h00<\/li><li>Prix: 20 \u20ac \/ heure. Assistance technique si n\u00e9cessaire, \u00e0 30 \u20ac \/ heure<\/li><\/ul>\t\t\t\t\t\t<\/div>\n\t\t\t\t<\/div>\n\t\t\t\t\t<\/div>\n\t\t<\/div>\n\t\t\t\t\t\t\t<\/div>\n\t\t<\/section>\n\t\t\t\t\t<\/div>\n\t\t<\/div>\n\t\t\t\t\t\t\t<\/div>\n\t\t<\/section>\n\t\t\t\t\t\t\t<\/div>\n\t\t","protected":false},"excerpt":{"rendered":"<p>Offres Offre pour les bands Musikorta est un endroit calme et magnifique, entour\u00e9 par la nature et loin du bruit. Pour que vous puissiez composer, enregistrer ou simplement rester musicalement calme, nous vous pr\u00e9sentons ici notre offre: AVEC TECHNICIEN Studio d\u2019enregistrement, avec salle de contr\u00f4le et d\u2019enregistrement. Nous avons des toilettes avec douche et eau &hellip;<\/p>\n<p class=\"read-more\"> <a class=\"\" href=\"https:\/\/musikorta.eus\/fr\/offres\/\"> <span class=\"screen-reader-text\">Offres<\/span> Lire la suite\u00a0\u00bb<\/a><\/p>\n","protected":false},"author":1,"featured_media":0,"parent":0,"menu_order":0,"comment_status":"closed","ping_status":"closed","template":"","meta":{"site-sidebar-layout":"no-sidebar","site-content-layout":"page-builder","ast-global-header-display":"","ast-main-header-display":"","ast-hfb-above-header-display":"","ast-hfb-below-header-display":"","ast-hfb-mobile-header-display":"","site-post-title":"disabled","ast-breadcrumbs-content":"disabled","ast-featured-img":"disabled","footer-sml-layout":"","theme-transparent-header-meta":"enabled","adv-header-id-meta":"","stick-header-meta":"default","header-above-stick-meta":"","header-main-stick-meta":"","header-below-stick-meta":""},"yoast_head":"<!-- This site is optimized with the Yoast SEO plugin v20.4 - https:\/\/yoast.com\/wordpress\/plugins\/seo\/ -->\n<title>Offres - Musikorta<\/title>\n<meta name=\"robots\" content=\"index, follow, max-snippet:-1, max-image-preview:large, max-video-preview:-1\" \/>\n<link rel=\"canonical\" href=\"https:\/\/musikorta.eus\/fr\/offres\/\" \/>\n<meta property=\"og:locale\" content=\"fr_FR\" \/>\n<meta property=\"og:type\" content=\"article\" \/>\n<meta property=\"og:title\" content=\"Offres - Musikorta\" \/>\n<meta property=\"og:description\" content=\"Offres Offre pour les bands Musikorta est un endroit calme et magnifique, entour\u00e9 par la nature et loin du bruit. Pour que vous puissiez composer, enregistrer ou simplement rester musicalement calme, nous vous pr\u00e9sentons ici notre offre: AVEC TECHNICIEN Studio d\u2019enregistrement, avec salle de contr\u00f4le et d\u2019enregistrement. Nous avons des toilettes avec douche et eau &hellip; Offres Lire la suite\u00a0\u00bb\" \/>\n<meta property=\"og:url\" content=\"https:\/\/musikorta.eus\/fr\/offres\/\" \/>\n<meta property=\"og:site_name\" content=\"Musikorta\" \/>\n<meta property=\"article:modified_time\" content=\"2025-10-03T05:23:22+00:00\" \/>\n<meta name=\"twitter:card\" content=\"summary_large_image\" \/>\n<meta name=\"twitter:label1\" content=\"Dur\u00e9e de lecture estim\u00e9e\" \/>\n\t<meta name=\"twitter:data1\" content=\"3 minutes\" \/>\n<script type=\"application\/ld+json\" class=\"yoast-schema-graph\">{\"@context\":\"https:\/\/schema.org\",\"@graph\":[{\"@type\":\"WebPage\",\"@id\":\"https:\/\/musikorta.eus\/fr\/offres\/\",\"url\":\"https:\/\/musikorta.eus\/fr\/offres\/\",\"name\":\"Offres - Musikorta\",\"isPartOf\":{\"@id\":\"https:\/\/musikorta.eus\/#website\"},\"datePublished\":\"2021-09-16T12:22:57+00:00\",\"dateModified\":\"2025-10-03T05:23:22+00:00\",\"breadcrumb\":{\"@id\":\"https:\/\/musikorta.eus\/fr\/offres\/#breadcrumb\"},\"inLanguage\":\"fr-FR\",\"potentialAction\":[{\"@type\":\"ReadAction\",\"target\":[\"https:\/\/musikorta.eus\/fr\/offres\/\"]}]},{\"@type\":\"BreadcrumbList\",\"@id\":\"https:\/\/musikorta.eus\/fr\/offres\/#breadcrumb\",\"itemListElement\":[{\"@type\":\"ListItem\",\"position\":1,\"name\":\"Home\",\"item\":\"https:\/\/musikorta.eus\/fr\/\"},{\"@type\":\"ListItem\",\"position\":2,\"name\":\"Offres\"}]},{\"@type\":\"WebSite\",\"@id\":\"https:\/\/musikorta.eus\/#website\",\"url\":\"https:\/\/musikorta.eus\/\",\"name\":\"Musikorta\",\"description\":\"Musika estudioa Amoroton\",\"publisher\":{\"@id\":\"https:\/\/musikorta.eus\/#organization\"},\"potentialAction\":[{\"@type\":\"SearchAction\",\"target\":{\"@type\":\"EntryPoint\",\"urlTemplate\":\"https:\/\/musikorta.eus\/?s={search_term_string}\"},\"query-input\":\"required name=search_term_string\"}],\"inLanguage\":\"fr-FR\"},{\"@type\":\"Organization\",\"@id\":\"https:\/\/musikorta.eus\/#organization\",\"name\":\"Musikorta\",\"url\":\"https:\/\/musikorta.eus\/\",\"logo\":{\"@type\":\"ImageObject\",\"inLanguage\":\"fr-FR\",\"@id\":\"https:\/\/musikorta.eus\/#\/schema\/logo\/image\/\",\"url\":\"https:\/\/musikorta.eus\/wp-content\/uploads\/2021\/09\/musikorta.jpg\",\"contentUrl\":\"https:\/\/musikorta.eus\/wp-content\/uploads\/2021\/09\/musikorta.jpg\",\"width\":512,\"height\":498,\"caption\":\"Musikorta\"},\"image\":{\"@id\":\"https:\/\/musikorta.eus\/#\/schema\/logo\/image\/\"}}]}<\/script>\n<!-- \/ Yoast SEO plugin. -->","yoast_head_json":{"title":"Offres - Musikorta","robots":{"index":"index","follow":"follow","max-snippet":"max-snippet:-1","max-image-preview":"max-image-preview:large","max-video-preview":"max-video-preview:-1"},"canonical":"https:\/\/musikorta.eus\/fr\/offres\/","og_locale":"fr_FR","og_type":"article","og_title":"Offres - Musikorta","og_description":"Offres Offre pour les bands Musikorta est un endroit calme et magnifique, entour\u00e9 par la nature et loin du bruit. Pour que vous puissiez composer, enregistrer ou simplement rester musicalement calme, nous vous pr\u00e9sentons ici notre offre: AVEC TECHNICIEN Studio d\u2019enregistrement, avec salle de contr\u00f4le et d\u2019enregistrement. Nous avons des toilettes avec douche et eau &hellip; Offres Lire la suite\u00a0\u00bb","og_url":"https:\/\/musikorta.eus\/fr\/offres\/","og_site_name":"Musikorta","article_modified_time":"2025-10-03T05:23:22+00:00","twitter_card":"summary_large_image","twitter_misc":{"Dur\u00e9e de lecture estim\u00e9e":"3 minutes"},"schema":{"@context":"https:\/\/schema.org","@graph":[{"@type":"WebPage","@id":"https:\/\/musikorta.eus\/fr\/offres\/","url":"https:\/\/musikorta.eus\/fr\/offres\/","name":"Offres - Musikorta","isPartOf":{"@id":"https:\/\/musikorta.eus\/#website"},"datePublished":"2021-09-16T12:22:57+00:00","dateModified":"2025-10-03T05:23:22+00:00","breadcrumb":{"@id":"https:\/\/musikorta.eus\/fr\/offres\/#breadcrumb"},"inLanguage":"fr-FR","potentialAction":[{"@type":"ReadAction","target":["https:\/\/musikorta.eus\/fr\/offres\/"]}]},{"@type":"BreadcrumbList","@id":"https:\/\/musikorta.eus\/fr\/offres\/#breadcrumb","itemListElement":[{"@type":"ListItem","position":1,"name":"Home","item":"https:\/\/musikorta.eus\/fr\/"},{"@type":"ListItem","position":2,"name":"Offres"}]},{"@type":"WebSite","@id":"https:\/\/musikorta.eus\/#website","url":"https:\/\/musikorta.eus\/","name":"Musikorta","description":"Musika estudioa Amoroton","publisher":{"@id":"https:\/\/musikorta.eus\/#organization"},"potentialAction":[{"@type":"SearchAction","target":{"@type":"EntryPoint","urlTemplate":"https:\/\/musikorta.eus\/?s={search_term_string}"},"query-input":"required name=search_term_string"}],"inLanguage":"fr-FR"},{"@type":"Organization","@id":"https:\/\/musikorta.eus\/#organization","name":"Musikorta","url":"https:\/\/musikorta.eus\/","logo":{"@type":"ImageObject","inLanguage":"fr-FR","@id":"https:\/\/musikorta.eus\/#\/schema\/logo\/image\/","url":"https:\/\/musikorta.eus\/wp-content\/uploads\/2021\/09\/musikorta.jpg","contentUrl":"https:\/\/musikorta.eus\/wp-content\/uploads\/2021\/09\/musikorta.jpg","width":512,"height":498,"caption":"Musikorta"},"image":{"@id":"https:\/\/musikorta.eus\/#\/schema\/logo\/image\/"}}]}},"_links":{"self":[{"href":"https:\/\/musikorta.eus\/fr\/wp-json\/wp\/v2\/pages\/1030"}],"collection":[{"href":"https:\/\/musikorta.eus\/fr\/wp-json\/wp\/v2\/pages"}],"about":[{"href":"https:\/\/musikorta.eus\/fr\/wp-json\/wp\/v2\/types\/page"}],"author":[{"embeddable":true,"href":"https:\/\/musikorta.eus\/fr\/wp-json\/wp\/v2\/users\/1"}],"replies":[{"embeddable":true,"href":"https:\/\/musikorta.eus\/fr\/wp-json\/wp\/v2\/comments?post=1030"}],"version-history":[{"count":31,"href":"https:\/\/musikorta.eus\/fr\/wp-json\/wp\/v2\/pages\/1030\/revisions"}],"predecessor-version":[{"id":1744,"href":"https:\/\/musikorta.eus\/fr\/wp-json\/wp\/v2\/pages\/1030\/revisions\/1744"}],"wp:attachment":[{"href":"https:\/\/musikorta.eus\/fr\/wp-json\/wp\/v2\/media?parent=1030"}],"curies":[{"name":"wp","href":"https:\/\/api.w.org\/{rel}","templated":true}]}}