{"id":1031,"date":"2021-09-16T14:22:57","date_gmt":"2021-09-16T12:22:57","guid":{"rendered":"https:\/\/musikorta.eus\/eskaintzak\/"},"modified":"2025-10-03T07:12:40","modified_gmt":"2025-10-03T05:12:40","slug":"ofertas","status":"publish","type":"page","link":"https:\/\/musikorta.eus\/es\/ofertas\/","title":{"rendered":"Ofertas"},"content":{"rendered":"\t\t<div data-elementor-type=\"wp-page\" data-elementor-id=\"1031\" class=\"elementor elementor-1031 elementor-967\">\n\t\t\t\t\t\t\t\t\t<section class=\"elementor-section elementor-top-section elementor-element elementor-element-78d0dd32 elementor-section-height-min-height elementor-section-boxed elementor-section-height-default elementor-section-items-middle\" data-id=\"78d0dd32\" data-element_type=\"section\" data-settings=\"{&quot;background_background&quot;:&quot;classic&quot;}\">\n\t\t\t\t\t\t\t<div class=\"elementor-background-overlay\"><\/div>\n\t\t\t\t\t\t\t<div class=\"elementor-container elementor-column-gap-no\">\n\t\t\t\t\t<div class=\"elementor-column elementor-col-100 elementor-top-column elementor-element elementor-element-4a55a870\" data-id=\"4a55a870\" data-element_type=\"column\">\n\t\t\t<div class=\"elementor-widget-wrap elementor-element-populated\">\n\t\t\t\t\t\t\t\t<div class=\"elementor-element elementor-element-ff025a2 elementor-widget elementor-widget-heading\" data-id=\"ff025a2\" data-element_type=\"widget\" data-widget_type=\"heading.default\">\n\t\t\t\t<div class=\"elementor-widget-container\">\n\t\t\t<h1 class=\"elementor-heading-title elementor-size-default\">Ofertas<\/h1>\t\t<\/div>\n\t\t\t\t<\/div>\n\t\t\t\t<div class=\"elementor-element elementor-element-1dbb4b5b elementor-widget-divider--view-line elementor-widget elementor-widget-divider\" data-id=\"1dbb4b5b\" data-element_type=\"widget\" data-widget_type=\"divider.default\">\n\t\t\t\t<div class=\"elementor-widget-container\">\n\t\t\t\t\t<div class=\"elementor-divider\">\n\t\t\t<span class=\"elementor-divider-separator\">\n\t\t\t\t\t\t<\/span>\n\t\t<\/div>\n\t\t\t\t<\/div>\n\t\t\t\t<\/div>\n\t\t\t\t\t<\/div>\n\t\t<\/div>\n\t\t\t\t\t\t\t<\/div>\n\t\t<\/section>\n\t\t\t\t<section class=\"elementor-section elementor-top-section elementor-element elementor-element-1a2989f2 elementor-section-boxed elementor-section-height-default elementor-section-height-default\" data-id=\"1a2989f2\" data-element_type=\"section\">\n\t\t\t\t\t\t<div class=\"elementor-container elementor-column-gap-no\">\n\t\t\t\t\t<div class=\"elementor-column elementor-col-100 elementor-top-column elementor-element elementor-element-700e7042\" data-id=\"700e7042\" data-element_type=\"column\">\n\t\t\t<div class=\"elementor-widget-wrap elementor-element-populated\">\n\t\t\t\t\t\t\t\t<section class=\"elementor-section elementor-inner-section elementor-element elementor-element-1876ff64 elementor-section-boxed elementor-section-height-default elementor-section-height-default\" data-id=\"1876ff64\" data-element_type=\"section\">\n\t\t\t\t\t\t<div class=\"elementor-container elementor-column-gap-default\">\n\t\t\t\t\t<div class=\"elementor-column elementor-col-100 elementor-inner-column elementor-element elementor-element-5ecf3a3b\" data-id=\"5ecf3a3b\" data-element_type=\"column\">\n\t\t\t<div class=\"elementor-widget-wrap elementor-element-populated\">\n\t\t\t\t\t\t\t\t<div class=\"elementor-element elementor-element-69f57fc6 elementor-widget elementor-widget-heading\" data-id=\"69f57fc6\" data-element_type=\"widget\" data-widget_type=\"heading.default\">\n\t\t\t\t<div class=\"elementor-widget-container\">\n\t\t\t<h3 class=\"elementor-heading-title elementor-size-default\">Oferta para grupos<\/h3>\t\t<\/div>\n\t\t\t\t<\/div>\n\t\t\t\t\t<\/div>\n\t\t<\/div>\n\t\t\t\t\t\t\t<\/div>\n\t\t<\/section>\n\t\t\t\t<div class=\"elementor-element elementor-element-0de881e elementor-widget elementor-widget-text-editor\" data-id=\"0de881e\" data-element_type=\"widget\" data-widget_type=\"text-editor.default\">\n\t\t\t\t<div class=\"elementor-widget-container\">\n\t\t\t\t\t\t\tMusikorta es un lugar tranquilo y bonito, en plena naturaleza y lejos del ruido. Para que pod\u00e1is componer, grabar o simplemente estar musicalmente tranquilos, aqu\u00ed os presentamos nuestra oferta:\t\t\t\t\t\t<\/div>\n\t\t\t\t<\/div>\n\t\t\t\t<section class=\"elementor-section elementor-inner-section elementor-element elementor-element-4d7dcd6d elementor-section-boxed elementor-section-height-default elementor-section-height-default\" data-id=\"4d7dcd6d\" data-element_type=\"section\">\n\t\t\t\t\t\t<div class=\"elementor-container elementor-column-gap-default\">\n\t\t\t\t\t<div class=\"elementor-column elementor-col-33 elementor-inner-column elementor-element elementor-element-3853ccb7\" data-id=\"3853ccb7\" data-element_type=\"column\">\n\t\t\t<div class=\"elementor-widget-wrap elementor-element-populated\">\n\t\t\t\t\t\t\t\t<div class=\"elementor-element elementor-element-8ed5f4a elementor-widget elementor-widget-heading\" data-id=\"8ed5f4a\" data-element_type=\"widget\" data-widget_type=\"heading.default\">\n\t\t\t\t<div class=\"elementor-widget-container\">\n\t\t\t<h4 class=\"elementor-heading-title elementor-size-default\">con tecnico<\/h4>\t\t<\/div>\n\t\t\t\t<\/div>\n\t\t\t\t<div class=\"elementor-element elementor-element-0bcf75c elementor-widget elementor-widget-text-editor\" data-id=\"0bcf75c\" data-element_type=\"widget\" data-widget_type=\"text-editor.default\">\n\t\t\t\t<div class=\"elementor-widget-container\">\n\t\t\t\t\t\t\t<ul><li>Estudio de grabaci\u00f3n, con control y sala de grabaci\u00f3n. Disponemos de servicios, con ducha y agua caliente.<\/li><li>Mesa anal\u00f3gica MCI JH-636<\/li><li>Ordenador iClons (apple), con secuenciadores Cubase 10.5. Tarjeta de sonido Antelope Orion+ (32 in + 32 out anal\u00f3gicas).<\/li><li>Podeis contar con toda nuestra microfonia, dinamica, efectos, amplificadores e instrumentos. Todo este material lo podeis ver en la pesta\u00f1a <a href=\"https:\/\/musikorta.eus\/es\/nuestros-cacharros\/\"><b><i>Nuestros cacharros<\/i><\/b><\/a>.<\/li><li>Horarios de trabajo: de 9.00 a 13.00 y de 16.00 a 21.00. Estos horarios son negociables.<\/li><\/ul><div><div><p>PRECIOS:<\/p><ul><li>Primera semana: 1500\u20ac<\/li><li>2da semana: 1200\u20ac<\/li><li>3ra semana: 900\u20ac<\/li><li>4ta semana: 600\u20ac.<\/li><\/ul><\/div><\/div>\t\t\t\t\t\t<\/div>\n\t\t\t\t<\/div>\n\t\t\t\t\t<\/div>\n\t\t<\/div>\n\t\t\t\t<div class=\"elementor-column elementor-col-33 elementor-inner-column elementor-element elementor-element-2a190e94\" data-id=\"2a190e94\" data-element_type=\"column\">\n\t\t\t<div class=\"elementor-widget-wrap elementor-element-populated\">\n\t\t\t\t\t\t\t\t<div class=\"elementor-element elementor-element-5fc0c76 elementor-widget elementor-widget-heading\" data-id=\"5fc0c76\" data-element_type=\"widget\" data-widget_type=\"heading.default\">\n\t\t\t\t<div class=\"elementor-widget-container\">\n\t\t\t<h4 class=\"elementor-heading-title elementor-size-default\">sin tecnico<\/h4>\t\t<\/div>\n\t\t\t\t<\/div>\n\t\t\t\t<div class=\"elementor-element elementor-element-3fc9158 elementor-widget elementor-widget-text-editor\" data-id=\"3fc9158\" data-element_type=\"widget\" data-widget_type=\"text-editor.default\">\n\t\t\t\t<div class=\"elementor-widget-container\">\n\t\t\t\t\t\t\t<ul><li>Esta oferta es para grupos <b>CON tecnico de grabaci\u00f3n. <br \/><\/b><\/li><li>Estudio de grabaci\u00f3n, con control y sala de grabaci\u00f3n. Disponemos de servicios, con ducha y agua caliente.<\/li><li>Mesa anal\u00f3gica MCI JH-636<\/li><li>Ordenador iClons (apple), con secuenciadores Cubase 10.5. Tarjeta de sonido Antelope Orion+ (32 in + 32 out anal\u00f3gicas).<\/li><li>Si lo preferis podeis traer vuestro propio ordenador. La conexi\u00f3n a la tarjeta de sonido Antelope Orion+ es via USB3 o Thunderbolt.<\/li><li>Set b\u00e1sico de microfon\u00eda: Shure beta 52, 2 x Shure SM57, 5 x Shure<br \/>SM58, 3 x Calrec CM1050C, Sennheiser MD421, Sennheiser MD441, Superlux<br \/>R100 ribbon (x2), \u2026(consultar)<\/li><li>Asistencia t\u00e9cnica, cuando sea necesario.<\/li><li>El estudio se puede utilizar desde las 9 de la ma\u00f1ana hasta las 10 de la noche.<\/li><\/ul><div><p>PRECIOS:<\/p><ul><li>Primera semana: 1000\u20ac<\/li><li>2da semana: 800\u20ac<\/li><li>3ra semana: 600\u20ac<\/li><li>4ta semana: 400\u20ac<\/li><\/ul><\/div>\t\t\t\t\t\t<\/div>\n\t\t\t\t<\/div>\n\t\t\t\t\t<\/div>\n\t\t<\/div>\n\t\t\t\t<div class=\"elementor-column elementor-col-33 elementor-inner-column elementor-element elementor-element-414c04d\" data-id=\"414c04d\" data-element_type=\"column\">\n\t\t\t<div class=\"elementor-widget-wrap elementor-element-populated\">\n\t\t\t\t\t\t\t\t<div class=\"elementor-element elementor-element-20c9c58 elementor-widget elementor-widget-heading\" data-id=\"20c9c58\" data-element_type=\"widget\" data-widget_type=\"heading.default\">\n\t\t\t\t<div class=\"elementor-widget-container\">\n\t\t\t<h4 class=\"elementor-heading-title elementor-size-default\">ALOJAMIENTO Y COMIDAS<\/h4>\t\t<\/div>\n\t\t\t\t<\/div>\n\t\t\t\t<div class=\"elementor-element elementor-element-3cc74bb elementor-widget elementor-widget-text-editor\" data-id=\"3cc74bb\" data-element_type=\"widget\" data-widget_type=\"text-editor.default\">\n\t\t\t\t<div class=\"elementor-widget-container\">\n\t\t\t\t\t\t\t<div>Debajo de nuestro caserio hay un agroturismo donde podeis alojaros. Si asi lo deseais, nosotros podemos haceros la gesti\u00f3n.<\/div><div>Podeis comer y cenar el el bar de Gizaburuaga, a 3 min. en coche. Buena calidad a buen precio.<\/div>\t\t\t\t\t\t<\/div>\n\t\t\t\t<\/div>\n\t\t\t\t\t<\/div>\n\t\t<\/div>\n\t\t\t\t\t\t\t<\/div>\n\t\t<\/section>\n\t\t\t\t\t<\/div>\n\t\t<\/div>\n\t\t\t\t\t\t\t<\/div>\n\t\t<\/section>\n\t\t\t\t<section class=\"elementor-section elementor-top-section elementor-element elementor-element-f51fc30 elementor-section-boxed elementor-section-height-default elementor-section-height-default\" data-id=\"f51fc30\" data-element_type=\"section\">\n\t\t\t\t\t\t<div class=\"elementor-container elementor-column-gap-no\">\n\t\t\t\t\t<div class=\"elementor-column elementor-col-100 elementor-top-column elementor-element elementor-element-2802f8d\" data-id=\"2802f8d\" data-element_type=\"column\">\n\t\t\t<div class=\"elementor-widget-wrap elementor-element-populated\">\n\t\t\t\t\t\t\t\t<section class=\"elementor-section elementor-inner-section elementor-element elementor-element-bd68b31 elementor-section-boxed elementor-section-height-default elementor-section-height-default\" data-id=\"bd68b31\" data-element_type=\"section\">\n\t\t\t\t\t\t<div class=\"elementor-container elementor-column-gap-default\">\n\t\t\t\t\t<div class=\"elementor-column elementor-col-100 elementor-inner-column elementor-element elementor-element-a64ecde\" data-id=\"a64ecde\" data-element_type=\"column\">\n\t\t\t<div class=\"elementor-widget-wrap elementor-element-populated\">\n\t\t\t\t\t\t\t\t<div class=\"elementor-element elementor-element-5347cb9 elementor-widget elementor-widget-heading\" data-id=\"5347cb9\" data-element_type=\"widget\" data-widget_type=\"heading.default\">\n\t\t\t\t<div class=\"elementor-widget-container\">\n\t\t\t<h3 class=\"elementor-heading-title elementor-size-default\">Oferta fin de semana<\/h3>\t\t<\/div>\n\t\t\t\t<\/div>\n\t\t\t\t\t<\/div>\n\t\t<\/div>\n\t\t\t\t\t\t\t<\/div>\n\t\t<\/section>\n\t\t\t\t<div class=\"elementor-element elementor-element-a3766a7 elementor-widget elementor-widget-text-editor\" data-id=\"a3766a7\" data-element_type=\"widget\" data-widget_type=\"text-editor.default\">\n\t\t\t\t<div class=\"elementor-widget-container\">\n\t\t\t\t\t\t\t<p>S\u00e1bado y domingo, de 9.00 a 14.00 y de 16.00 a 21.00 (10 horas diarias).<\/p>\t\t\t\t\t\t<\/div>\n\t\t\t\t<\/div>\n\t\t\t\t<section class=\"elementor-section elementor-inner-section elementor-element elementor-element-01af11d elementor-section-boxed elementor-section-height-default elementor-section-height-default\" data-id=\"01af11d\" data-element_type=\"section\">\n\t\t\t\t\t\t<div class=\"elementor-container elementor-column-gap-default\">\n\t\t\t\t\t<div class=\"elementor-column elementor-col-100 elementor-inner-column elementor-element elementor-element-1b01173\" data-id=\"1b01173\" data-element_type=\"column\">\n\t\t\t<div class=\"elementor-widget-wrap elementor-element-populated\">\n\t\t\t\t\t\t\t\t<div class=\"elementor-element elementor-element-27d4c02 elementor-widget elementor-widget-heading\" data-id=\"27d4c02\" data-element_type=\"widget\" data-widget_type=\"heading.default\">\n\t\t\t\t<div class=\"elementor-widget-container\">\n\t\t\t<h4 class=\"elementor-heading-title elementor-size-default\">Condiciones y precios<\/h4>\t\t<\/div>\n\t\t\t\t<\/div>\n\t\t\t\t<div class=\"elementor-element elementor-element-aeb1298 elementor-widget elementor-widget-text-editor\" data-id=\"aeb1298\" data-element_type=\"widget\" data-widget_type=\"text-editor.default\">\n\t\t\t\t<div class=\"elementor-widget-container\">\n\t\t\t\t\t\t\t<ul><li>Posibilidad de utilizaci\u00f3n de todo el material del estudio, t\u00e9cnico incluido. Precio 800\u20ac en fin de semana, 600\u20ac en laborables.<\/li><li>Set b\u00e1sico de grabaci\u00f3n y sin t\u00e9cnico. Precio 600\u20ac en fin de semana, 450 en laborables.<\/li><li>En caso de querer alojamiento y\/o comidas, consultar.<\/li><\/ul>\t\t\t\t\t\t<\/div>\n\t\t\t\t<\/div>\n\t\t\t\t\t<\/div>\n\t\t<\/div>\n\t\t\t\t\t\t\t<\/div>\n\t\t<\/section>\n\t\t\t\t\t<\/div>\n\t\t<\/div>\n\t\t\t\t\t\t\t<\/div>\n\t\t<\/section>\n\t\t\t\t<section class=\"elementor-section elementor-top-section elementor-element elementor-element-4143471 elementor-section-boxed elementor-section-height-default elementor-section-height-default\" data-id=\"4143471\" data-element_type=\"section\">\n\t\t\t\t\t\t<div class=\"elementor-container elementor-column-gap-no\">\n\t\t\t\t\t<div class=\"elementor-column elementor-col-100 elementor-top-column elementor-element elementor-element-3d00fbc\" data-id=\"3d00fbc\" data-element_type=\"column\">\n\t\t\t<div class=\"elementor-widget-wrap elementor-element-populated\">\n\t\t\t\t\t\t\t\t<section class=\"elementor-section elementor-inner-section elementor-element elementor-element-714bbb6 elementor-section-boxed elementor-section-height-default elementor-section-height-default\" data-id=\"714bbb6\" data-element_type=\"section\">\n\t\t\t\t\t\t<div class=\"elementor-container elementor-column-gap-default\">\n\t\t\t\t\t<div class=\"elementor-column elementor-col-100 elementor-inner-column elementor-element elementor-element-68421b6\" data-id=\"68421b6\" data-element_type=\"column\">\n\t\t\t<div class=\"elementor-widget-wrap elementor-element-populated\">\n\t\t\t\t\t\t\t\t<div class=\"elementor-element elementor-element-85312ff elementor-widget elementor-widget-heading\" data-id=\"85312ff\" data-element_type=\"widget\" data-widget_type=\"heading.default\">\n\t\t\t\t<div class=\"elementor-widget-container\">\n\t\t\t<h3 class=\"elementor-heading-title elementor-size-default\">Alquiler del estudio SIN tecnico<\/h3>\t\t<\/div>\n\t\t\t\t<\/div>\n\t\t\t\t\t<\/div>\n\t\t<\/div>\n\t\t\t\t\t\t\t<\/div>\n\t\t<\/section>\n\t\t\t\t<div class=\"elementor-element elementor-element-715f745 elementor-widget elementor-widget-text-editor\" data-id=\"715f745\" data-element_type=\"widget\" data-widget_type=\"text-editor.default\">\n\t\t\t\t<div class=\"elementor-widget-container\">\n\t\t\t\t\t\t\t<p>Si vosotros mismos os arregl\u00e1is, os podemos alquilar el estudio sin tecnico.<\/p>\t\t\t\t\t\t<\/div>\n\t\t\t\t<\/div>\n\t\t\t\t<section class=\"elementor-section elementor-inner-section elementor-element elementor-element-f2b0588 elementor-section-boxed elementor-section-height-default elementor-section-height-default\" data-id=\"f2b0588\" data-element_type=\"section\">\n\t\t\t\t\t\t<div class=\"elementor-container elementor-column-gap-default\">\n\t\t\t\t\t<div class=\"elementor-column elementor-col-100 elementor-inner-column elementor-element elementor-element-31b47a5\" data-id=\"31b47a5\" data-element_type=\"column\">\n\t\t\t<div class=\"elementor-widget-wrap elementor-element-populated\">\n\t\t\t\t\t\t\t\t<div class=\"elementor-element elementor-element-7b03bb6 elementor-widget elementor-widget-heading\" data-id=\"7b03bb6\" data-element_type=\"widget\" data-widget_type=\"heading.default\">\n\t\t\t\t<div class=\"elementor-widget-container\">\n\t\t\t<h4 class=\"elementor-heading-title elementor-size-default\">Condiciones y precios<\/h4>\t\t<\/div>\n\t\t\t\t<\/div>\n\t\t\t\t<div class=\"elementor-element elementor-element-156d4db elementor-widget elementor-widget-text-editor\" data-id=\"156d4db\" data-element_type=\"widget\" data-widget_type=\"text-editor.default\">\n\t\t\t\t<div class=\"elementor-widget-container\">\n\t\t\t\t\t\t\t<ul>\n<li>M\u00ednimo 2 dias.<\/li>\n<li>Estudio de grabaci\u00f3n con control y sala de grabaci\u00f3n. Servicios con ducha y agua caliente.<\/li>\n<li>Mesa anal\u00f3gica MCI JH-636.<\/li>\n<li>Ordenador iClons (apple), con Cubase 10.5. Tarjeta de sonido Antelope Orion+ (32 in + 32 out anal\u00f3gicas).<\/li>\n<li>Si lo preferis podeis traer vuestro propio ordenador. La conexi\u00f3n a la tarjeta de sonido Antelope Orion+ es via USB3 o Thunderbolt.<\/li>\n<li>Set b\u00e1sico de microfonia: Shure beta 52, 2 x Shure SM57, 5 x Shure SM58, 3 x Calrec CM1050C, Sennheiser MD421, Sennheiser MD441, Superlux R100 ribbon (x2), \u2026(consultar)<\/li>\n<li>El estudio se puede utilizar de 9.00 a 22.00h<\/li>\n<li>Precio: 20\u20ac\/hora. Asistencia t\u00e9cnica cuando sea necesario, a 30\u20ac\/hora<\/li>\n<li>Si algo se estropeara, ser\u00eda bajo vuestra responsabilidad.<\/li>\n<\/ul>\t\t\t\t\t\t<\/div>\n\t\t\t\t<\/div>\n\t\t\t\t\t<\/div>\n\t\t<\/div>\n\t\t\t\t\t\t\t<\/div>\n\t\t<\/section>\n\t\t\t\t\t<\/div>\n\t\t<\/div>\n\t\t\t\t\t\t\t<\/div>\n\t\t<\/section>\n\t\t\t\t\t\t\t<\/div>\n\t\t","protected":false},"excerpt":{"rendered":"<p>Ofertas Oferta para grupos Musikorta es un lugar tranquilo y bonito, en plena naturaleza y lejos del ruido. Para que pod\u00e1is componer, grabar o simplemente estar musicalmente tranquilos, aqu\u00ed os presentamos nuestra oferta: con tecnico Estudio de grabaci\u00f3n, con control y sala de grabaci\u00f3n. Disponemos de servicios, con ducha y agua caliente. Mesa anal\u00f3gica MCI &hellip;<\/p>\n<p class=\"read-more\"> <a class=\"\" href=\"https:\/\/musikorta.eus\/es\/ofertas\/\"> <span class=\"screen-reader-text\">Ofertas<\/span> Leer m\u00e1s &raquo;<\/a><\/p>\n","protected":false},"author":1,"featured_media":0,"parent":0,"menu_order":0,"comment_status":"closed","ping_status":"closed","template":"","meta":{"site-sidebar-layout":"no-sidebar","site-content-layout":"page-builder","ast-global-header-display":"","ast-main-header-display":"","ast-hfb-above-header-display":"","ast-hfb-below-header-display":"","ast-hfb-mobile-header-display":"","site-post-title":"disabled","ast-breadcrumbs-content":"disabled","ast-featured-img":"disabled","footer-sml-layout":"","theme-transparent-header-meta":"enabled","adv-header-id-meta":"","stick-header-meta":"default","header-above-stick-meta":"","header-main-stick-meta":"","header-below-stick-meta":""},"yoast_head":"<!-- This site is optimized with the Yoast SEO plugin v20.4 - https:\/\/yoast.com\/wordpress\/plugins\/seo\/ -->\n<title>Ofertas - Musikorta<\/title>\n<meta name=\"robots\" content=\"index, follow, max-snippet:-1, max-image-preview:large, max-video-preview:-1\" \/>\n<link rel=\"canonical\" href=\"https:\/\/musikorta.eus\/es\/ofertas\/\" \/>\n<meta property=\"og:locale\" content=\"es_ES\" \/>\n<meta property=\"og:type\" content=\"article\" \/>\n<meta property=\"og:title\" content=\"Ofertas - Musikorta\" \/>\n<meta property=\"og:description\" content=\"Ofertas Oferta para grupos Musikorta es un lugar tranquilo y bonito, en plena naturaleza y lejos del ruido. Para que pod\u00e1is componer, grabar o simplemente estar musicalmente tranquilos, aqu\u00ed os presentamos nuestra oferta: con tecnico Estudio de grabaci\u00f3n, con control y sala de grabaci\u00f3n. Disponemos de servicios, con ducha y agua caliente. Mesa anal\u00f3gica MCI &hellip; Ofertas Leer m\u00e1s &raquo;\" \/>\n<meta property=\"og:url\" content=\"https:\/\/musikorta.eus\/es\/ofertas\/\" \/>\n<meta property=\"og:site_name\" content=\"Musikorta\" \/>\n<meta property=\"article:modified_time\" content=\"2025-10-03T05:12:40+00:00\" \/>\n<meta name=\"twitter:card\" content=\"summary_large_image\" \/>\n<meta name=\"twitter:label1\" content=\"Tiempo de lectura\" \/>\n\t<meta name=\"twitter:data1\" content=\"3 minutos\" \/>\n<script type=\"application\/ld+json\" class=\"yoast-schema-graph\">{\"@context\":\"https:\/\/schema.org\",\"@graph\":[{\"@type\":\"WebPage\",\"@id\":\"https:\/\/musikorta.eus\/es\/ofertas\/\",\"url\":\"https:\/\/musikorta.eus\/es\/ofertas\/\",\"name\":\"Ofertas - Musikorta\",\"isPartOf\":{\"@id\":\"https:\/\/musikorta.eus\/#website\"},\"datePublished\":\"2021-09-16T12:22:57+00:00\",\"dateModified\":\"2025-10-03T05:12:40+00:00\",\"breadcrumb\":{\"@id\":\"https:\/\/musikorta.eus\/es\/ofertas\/#breadcrumb\"},\"inLanguage\":\"es\",\"potentialAction\":[{\"@type\":\"ReadAction\",\"target\":[\"https:\/\/musikorta.eus\/es\/ofertas\/\"]}]},{\"@type\":\"BreadcrumbList\",\"@id\":\"https:\/\/musikorta.eus\/es\/ofertas\/#breadcrumb\",\"itemListElement\":[{\"@type\":\"ListItem\",\"position\":1,\"name\":\"Home\",\"item\":\"https:\/\/musikorta.eus\/es\/\"},{\"@type\":\"ListItem\",\"position\":2,\"name\":\"Ofertas\"}]},{\"@type\":\"WebSite\",\"@id\":\"https:\/\/musikorta.eus\/#website\",\"url\":\"https:\/\/musikorta.eus\/\",\"name\":\"Musikorta\",\"description\":\"Musika estudioa Amoroton\",\"publisher\":{\"@id\":\"https:\/\/musikorta.eus\/#organization\"},\"potentialAction\":[{\"@type\":\"SearchAction\",\"target\":{\"@type\":\"EntryPoint\",\"urlTemplate\":\"https:\/\/musikorta.eus\/?s={search_term_string}\"},\"query-input\":\"required name=search_term_string\"}],\"inLanguage\":\"es\"},{\"@type\":\"Organization\",\"@id\":\"https:\/\/musikorta.eus\/#organization\",\"name\":\"Musikorta\",\"url\":\"https:\/\/musikorta.eus\/\",\"logo\":{\"@type\":\"ImageObject\",\"inLanguage\":\"es\",\"@id\":\"https:\/\/musikorta.eus\/#\/schema\/logo\/image\/\",\"url\":\"https:\/\/musikorta.eus\/wp-content\/uploads\/2021\/09\/musikorta.jpg\",\"contentUrl\":\"https:\/\/musikorta.eus\/wp-content\/uploads\/2021\/09\/musikorta.jpg\",\"width\":512,\"height\":498,\"caption\":\"Musikorta\"},\"image\":{\"@id\":\"https:\/\/musikorta.eus\/#\/schema\/logo\/image\/\"}}]}<\/script>\n<!-- \/ Yoast SEO plugin. -->","yoast_head_json":{"title":"Ofertas - Musikorta","robots":{"index":"index","follow":"follow","max-snippet":"max-snippet:-1","max-image-preview":"max-image-preview:large","max-video-preview":"max-video-preview:-1"},"canonical":"https:\/\/musikorta.eus\/es\/ofertas\/","og_locale":"es_ES","og_type":"article","og_title":"Ofertas - Musikorta","og_description":"Ofertas Oferta para grupos Musikorta es un lugar tranquilo y bonito, en plena naturaleza y lejos del ruido. Para que pod\u00e1is componer, grabar o simplemente estar musicalmente tranquilos, aqu\u00ed os presentamos nuestra oferta: con tecnico Estudio de grabaci\u00f3n, con control y sala de grabaci\u00f3n. Disponemos de servicios, con ducha y agua caliente. Mesa anal\u00f3gica MCI &hellip; Ofertas Leer m\u00e1s &raquo;","og_url":"https:\/\/musikorta.eus\/es\/ofertas\/","og_site_name":"Musikorta","article_modified_time":"2025-10-03T05:12:40+00:00","twitter_card":"summary_large_image","twitter_misc":{"Tiempo de lectura":"3 minutos"},"schema":{"@context":"https:\/\/schema.org","@graph":[{"@type":"WebPage","@id":"https:\/\/musikorta.eus\/es\/ofertas\/","url":"https:\/\/musikorta.eus\/es\/ofertas\/","name":"Ofertas - Musikorta","isPartOf":{"@id":"https:\/\/musikorta.eus\/#website"},"datePublished":"2021-09-16T12:22:57+00:00","dateModified":"2025-10-03T05:12:40+00:00","breadcrumb":{"@id":"https:\/\/musikorta.eus\/es\/ofertas\/#breadcrumb"},"inLanguage":"es","potentialAction":[{"@type":"ReadAction","target":["https:\/\/musikorta.eus\/es\/ofertas\/"]}]},{"@type":"BreadcrumbList","@id":"https:\/\/musikorta.eus\/es\/ofertas\/#breadcrumb","itemListElement":[{"@type":"ListItem","position":1,"name":"Home","item":"https:\/\/musikorta.eus\/es\/"},{"@type":"ListItem","position":2,"name":"Ofertas"}]},{"@type":"WebSite","@id":"https:\/\/musikorta.eus\/#website","url":"https:\/\/musikorta.eus\/","name":"Musikorta","description":"Musika estudioa Amoroton","publisher":{"@id":"https:\/\/musikorta.eus\/#organization"},"potentialAction":[{"@type":"SearchAction","target":{"@type":"EntryPoint","urlTemplate":"https:\/\/musikorta.eus\/?s={search_term_string}"},"query-input":"required name=search_term_string"}],"inLanguage":"es"},{"@type":"Organization","@id":"https:\/\/musikorta.eus\/#organization","name":"Musikorta","url":"https:\/\/musikorta.eus\/","logo":{"@type":"ImageObject","inLanguage":"es","@id":"https:\/\/musikorta.eus\/#\/schema\/logo\/image\/","url":"https:\/\/musikorta.eus\/wp-content\/uploads\/2021\/09\/musikorta.jpg","contentUrl":"https:\/\/musikorta.eus\/wp-content\/uploads\/2021\/09\/musikorta.jpg","width":512,"height":498,"caption":"Musikorta"},"image":{"@id":"https:\/\/musikorta.eus\/#\/schema\/logo\/image\/"}}]}},"_links":{"self":[{"href":"https:\/\/musikorta.eus\/es\/wp-json\/wp\/v2\/pages\/1031"}],"collection":[{"href":"https:\/\/musikorta.eus\/es\/wp-json\/wp\/v2\/pages"}],"about":[{"href":"https:\/\/musikorta.eus\/es\/wp-json\/wp\/v2\/types\/page"}],"author":[{"embeddable":true,"href":"https:\/\/musikorta.eus\/es\/wp-json\/wp\/v2\/users\/1"}],"replies":[{"embeddable":true,"href":"https:\/\/musikorta.eus\/es\/wp-json\/wp\/v2\/comments?post=1031"}],"version-history":[{"count":22,"href":"https:\/\/musikorta.eus\/es\/wp-json\/wp\/v2\/pages\/1031\/revisions"}],"predecessor-version":[{"id":1738,"href":"https:\/\/musikorta.eus\/es\/wp-json\/wp\/v2\/pages\/1031\/revisions\/1738"}],"wp:attachment":[{"href":"https:\/\/musikorta.eus\/es\/wp-json\/wp\/v2\/media?parent=1031"}],"curies":[{"name":"wp","href":"https:\/\/api.w.org\/{rel}","templated":true}]}}