{"id":1021,"date":"2021-03-12T08:06:04","date_gmt":"2021-03-12T08:06:04","guid":{"rendered":"https:\/\/musikorta.eus\/gure-aparatuak\/"},"modified":"2023-08-01T17:18:01","modified_gmt":"2023-08-01T15:18:01","slug":"nuestros-cacharros","status":"publish","type":"page","link":"https:\/\/musikorta.eus\/es\/nuestros-cacharros\/","title":{"rendered":"Nuestros cacharros"},"content":{"rendered":"<h1>Nuestros cacharros<\/h1>\n<h3>El mezclador<\/h3>\n<p>Mesa de mezclas anal\u00f3gica MCI JH-636, 20 canales, fabricada en Chicago en 1980. El coraz\u00f3n de nuestro estudio. Fue la mesa de mezclas de los m\u00edticos estudios Xoxoa; en ella se grabaron discos hist\u00f3ricos de la m\u00fasica vasca, como \u201cLau-bost\u201d de Mikel Laboa, \u201cEzekiel\u201d y \u201cAlkolea\u201d de Itoiz, \u201cHautsi da anphora\u201d y \u201cNi ez naiz Noruegako errege\u201d de Ruper Ordorika, los tres primeros discos de Oskorri y un largo etc\u00e9tera.<\/p>\n<p>En el 2016 <a href=\"https:\/\/musikorta.eus\/es\/mezclador-mci-jh-636-la-restauracion\/\">libramos a esta mesa de una muerte segura<\/a>.<\/p>\n<p>\t\t\t\t\t\t\t\t\t\t\t\t\t\t\t<img decoding=\"async\" width=\"1200\" height=\"782\" src=\"https:\/\/musikorta.eus\/wp-content\/uploads\/2021\/09\/MK-MCI-JH636-3-1200x782.png\" alt=\"\" loading=\"lazy\" srcset=\"https:\/\/musikorta.eus\/wp-content\/uploads\/2021\/09\/MK-MCI-JH636-3-1200x782.png 1200w, https:\/\/musikorta.eus\/wp-content\/uploads\/2021\/09\/MK-MCI-JH636-3-800x522.png 800w, https:\/\/musikorta.eus\/wp-content\/uploads\/2021\/09\/MK-MCI-JH636-3-768x501.png 768w, https:\/\/musikorta.eus\/wp-content\/uploads\/2021\/09\/MK-MCI-JH636-3.png 1500w\" sizes=\"(max-width: 1200px) 100vw, 1200px\" \/>\t\t\t\t\t\t\t\t\t\t\t\t\t\t\t<\/p>\n<h3>Microfon\u00eda<\/h3>\n<h4>Dinamicos<\/h4>\n<ul>\n<li>Sennheiser MD441, MD421 (2)<\/li>\n<li>Shure SM57 (x2), SM58 (x5)<\/li>\n<li>Shure Unidyne 545 (x2), unidyne 565, beta52<\/li>\n<li>Shure 55SH<\/li>\n<li>AKG D202 (x2), D190C<\/li>\n<li>Heil Sound PR35<\/li>\n<li>MXL CR77<\/li>\n<li>Bouyer 709<\/li>\n<li>Turner dinamyc U9S<\/li>\n<\/ul>\n<h4>Ribbon<\/h4>\n<ul>\n<li>Beyer dynamic BM85 (x2)<\/li>\n<li>American DR330 (x2) vintage<\/li>\n<li>Electro Voice V-2 vintage<\/li>\n<li>Altec 639B<\/li>\n<li>Coles 4104<\/li>\n<li>Ortiz Luthiers 101B (Turner), 731 (EV Cardyne), B-2 (x3), R-102 (x2)<\/li>\n<li>D12 (x2, AKG)<\/li>\n<li>T. Bone RM700 (x2), RB100 (x2)<\/li>\n<\/ul>\n<h4>Condensador<\/h4>\n<ul>\n<li>Neumann U87 vintage (1972)<\/li>\n<li>Calrec CM1050C (x3)<\/li>\n<li>Shure 98 (x5)<\/li>\n<li>Sennheiser 5032<\/li>\n<li>AKG C414 B-ULS (x2)<\/li>\n<li>T. Bone SCT700 (tube)<\/li>\n<\/ul>\n<h4>Piezoelectricos<\/h4>\n<ul>\n<li>Saime 510<\/li>\n<\/ul>\n<h3>Previos<\/h3>\n<ul>\n<li>MCI JH600 series mic pre-EQ (x20)<\/li>\n<li>Berlant concertone tube mic-line pre<\/li>\n<li>Audient Mico dual mic pre (x2)<\/li>\n<li>DBX 386 dual tube mic pre<\/li>\n<li>Drawmer 1960 dual mic pre-compressor<\/li>\n<li>MK Scorpion dual mic pre-EQ DIY<\/li>\n<li>MK Primrose 187 dual mic pre-EQ DIY<\/li>\n<li>MK-1510 dual mic pre DIY<\/li>\n<li>MK MXP3000 dual mic pre-EQ DIY<\/li>\n<\/ul>\n<p>\t\t\t\t\t\t\t\t\t\t\t\t\t\t\t<img decoding=\"async\" width=\"965\" height=\"800\" src=\"https:\/\/musikorta.eus\/wp-content\/uploads\/2021\/09\/Prebioak-3-965x800.png\" alt=\"\" loading=\"lazy\" srcset=\"https:\/\/musikorta.eus\/wp-content\/uploads\/2021\/09\/Prebioak-3-965x800.png 965w, https:\/\/musikorta.eus\/wp-content\/uploads\/2021\/09\/Prebioak-3-800x663.png 800w, https:\/\/musikorta.eus\/wp-content\/uploads\/2021\/09\/Prebioak-3-768x637.png 768w, https:\/\/musikorta.eus\/wp-content\/uploads\/2021\/09\/Prebioak-3.png 1500w\" sizes=\"(max-width: 965px) 100vw, 965px\" \/>\t\t\t\t\t\t\t\t\t\t\t\t\t\t\t<\/p>\n<h3>Ordenador &#8211; tarjetas de sonido<\/h3>\n<h4>Ordenador<\/h4>\n<ul>\n<li>iClons OSX 10.8.2<\/li>\n<li>3,4 Ghz Intel Core i7<\/li>\n<li>Memoria 16 GB 1600 DDR3<\/li>\n<\/ul>\n<h4>Tarjetas de sonido<\/h4>\n<ul>\n<li>Motu 828 mkII (x5)<\/li>\n<li>Apogee AD-1000<\/li>\n<\/ul>\n<h4>Software<\/h4>\n<ul>\n<li>Cubase 5, Logic Pro 9, Pro Tools HD 10<\/li>\n<li>Sound Forge Pro 1.0.22, T-Racks CS<\/li>\n<li>Ableton Live 8<\/li>\n<li>Battery 3<\/li>\n<li>Spectre 1.5.0<\/li>\n<\/ul>\n<h3>Dinamica<\/h3>\n<ul>\n<li>Anthony de Maria ADL1000 (x2)<\/li>\n<li>CBS Volumax 400 limiter, tunned<\/li>\n<li>Klark Teknik 76-KT compressor (x2)<\/li>\n<li>Orban 414A dual compressor<\/li>\n<li>Tejuca Dual 176 vari-mu stereo buss compressor<\/li>\n<li>DBX 162SL dual compressor<\/li>\n<li>MK-1408 dual compressor DIY<\/li>\n<li>Audio Design Ex-press limiter stereo buss compressor<\/li>\n<li>Drawmer LX20 dual compressor expander<\/li>\n<li>DBX 172 dual gate<\/li>\n<li>DBX 163X compresor (x4)<\/li>\n<li>Aphex 108 dual compressor<\/li>\n<li>DBX 166 dual compressor (x2)<\/li>\n<li>FMR Audio RCN1773 stereo buss compressor<\/li>\n<\/ul>\n<p>\t\t\t\t\t\t\t\t\t\t\t\t\t\t\t<img decoding=\"async\" width=\"575\" height=\"800\" src=\"https:\/\/musikorta.eus\/wp-content\/uploads\/2021\/09\/Dinamika-1-575x800.png\" alt=\"\" loading=\"lazy\" srcset=\"https:\/\/musikorta.eus\/wp-content\/uploads\/2021\/09\/Dinamika-1-575x800.png 575w, https:\/\/musikorta.eus\/wp-content\/uploads\/2021\/09\/Dinamika-1-768x1069.png 768w, https:\/\/musikorta.eus\/wp-content\/uploads\/2021\/09\/Dinamika-1.png 1078w\" sizes=\"(max-width: 575px) 100vw, 575px\" \/>\t\t\t\t\t\t\t\t\t\t\t\t\t\t\t<\/p>\n<h3>Ecualizadores<\/h3>\n<ul>\n<li>Altec 9067B passive filter<\/li>\n<li>Chevyshev passive filter (x4)<\/li>\n<li>Urei 535 10 band stereo graphic EQ<\/li>\n<li>BSS FCS-960 30 band stereo graphic EQ<\/li>\n<li>Rane GE60 30 band stereo graphic EQ<\/li>\n<li>Harrison GP230 30 band stereo graphic EQ<\/li>\n<li>Furman Sound PQ6 3 band stereo parametric EQ<\/li>\n<\/ul>\n<p>\t\t\t\t\t\t\t\t\t\t\t\t\t\t\t<img decoding=\"async\" width=\"1200\" height=\"332\" src=\"https:\/\/musikorta.eus\/wp-content\/uploads\/2021\/09\/EQak-6-1200x332.png\" alt=\"\" loading=\"lazy\" srcset=\"https:\/\/musikorta.eus\/wp-content\/uploads\/2021\/09\/EQak-6-1200x332.png 1200w, https:\/\/musikorta.eus\/wp-content\/uploads\/2021\/09\/EQak-6-800x221.png 800w, https:\/\/musikorta.eus\/wp-content\/uploads\/2021\/09\/EQak-6-768x212.png 768w, https:\/\/musikorta.eus\/wp-content\/uploads\/2021\/09\/EQak-6.png 1500w\" sizes=\"(max-width: 1200px) 100vw, 1200px\" \/><br \/>\n\t\t\t\t\t\t\t\t\t\t\t\t\t\t\t<img decoding=\"async\" width=\"1200\" height=\"530\" src=\"https:\/\/musikorta.eus\/wp-content\/uploads\/2021\/09\/EQak-7-1200x530.png\" alt=\"\" loading=\"lazy\" srcset=\"https:\/\/musikorta.eus\/wp-content\/uploads\/2021\/09\/EQak-7-1200x530.png 1200w, https:\/\/musikorta.eus\/wp-content\/uploads\/2021\/09\/EQak-7-800x354.png 800w, https:\/\/musikorta.eus\/wp-content\/uploads\/2021\/09\/EQak-7-768x339.png 768w, https:\/\/musikorta.eus\/wp-content\/uploads\/2021\/09\/EQak-7.png 1500w\" sizes=\"(max-width: 1200px) 100vw, 1200px\" \/>\t\t\t\t\t\t\t\t\t\t\t\t\t\t\t<\/p>\n<h3>Efectos<\/h3>\n<ul>\n<li>Ecoplate III analogic plate reverb<\/li>\n<li>MK-1211 analogic delay DIY<\/li>\n<li>Tapco 4400 analogic spring reverb<\/li>\n<li>Echolette Echo 400 analogic tape delay<\/li>\n<li>Korg SDD-1000 analogic delay<\/li>\n<li>Eventide H3000SE<\/li>\n<li>Lexicon PCM80<\/li>\n<li>Sony D7 delay processor<\/li>\n<li>Sony M7 effects modulator<\/li>\n<li>TC Electronics D-Two tap delay<\/li>\n<li>Yamaha SPX990<\/li>\n<\/ul>\n<p>\t\t\t\t\t\t\t\t\t\t\t\t\t\t\t<img decoding=\"async\" width=\"1199\" height=\"531\" src=\"https:\/\/musikorta.eus\/wp-content\/uploads\/2021\/09\/Efektuak-3.png\" alt=\"\" loading=\"lazy\" srcset=\"https:\/\/musikorta.eus\/wp-content\/uploads\/2021\/09\/Efektuak-3.png 1199w, https:\/\/musikorta.eus\/wp-content\/uploads\/2021\/09\/Efektuak-3-800x354.png 800w, https:\/\/musikorta.eus\/wp-content\/uploads\/2021\/09\/Efektuak-3-768x340.png 768w\" sizes=\"(max-width: 1199px) 100vw, 1199px\" \/><br \/>\n\t\t\t\t\t\t\t\t\t\t\t\t\t\t\t<img decoding=\"async\" width=\"1187\" height=\"353\" src=\"https:\/\/musikorta.eus\/wp-content\/uploads\/2021\/09\/Efektuak-4.png\" alt=\"\" loading=\"lazy\" srcset=\"https:\/\/musikorta.eus\/wp-content\/uploads\/2021\/09\/Efektuak-4.png 1187w, https:\/\/musikorta.eus\/wp-content\/uploads\/2021\/09\/Efektuak-4-800x238.png 800w, https:\/\/musikorta.eus\/wp-content\/uploads\/2021\/09\/Efektuak-4-768x228.png 768w\" sizes=\"(max-width: 1187px) 100vw, 1187px\" \/>\t\t\t\t\t\t\t\t\t\t\t\t\t\t\t<\/p>\n<h3>Amplificadores e instrumentos<\/h3>\n<ul>\n<li>Marshall JMP Super Bass 100w guitar&amp; bass amplifier<\/li>\n<li>Fender Twin Reverb guitar amplifier<\/li>\n<li>Acoustic 126 bass amplifier<\/li>\n<li>Fender Precission Bass (1973)<\/li>\n<li>Fender Telecaster (1986)<\/li>\n<li>Jomadi Bass (1963)<\/li>\n<li>Suzuki SFJ-25BS acoustic guitar<\/li>\n<\/ul>\n<p>\t\t\t\t\t\t\t\t\t\t\t\t\t\t\t<img decoding=\"async\" width=\"1200\" height=\"778\" src=\"https:\/\/musikorta.eus\/wp-content\/uploads\/2021\/09\/MK-grabazio-gela-8-1200x778.png\" alt=\"\" loading=\"lazy\" srcset=\"https:\/\/musikorta.eus\/wp-content\/uploads\/2021\/09\/MK-grabazio-gela-8-1200x778.png 1200w, https:\/\/musikorta.eus\/wp-content\/uploads\/2021\/09\/MK-grabazio-gela-8-800x518.png 800w, https:\/\/musikorta.eus\/wp-content\/uploads\/2021\/09\/MK-grabazio-gela-8-768x498.png 768w, https:\/\/musikorta.eus\/wp-content\/uploads\/2021\/09\/MK-grabazio-gela-8.png 1500w\" sizes=\"(max-width: 1200px) 100vw, 1200px\" \/><br \/>\n\t\t\t\t\t\t\t\t\t\t\t\t\t\t\t<img decoding=\"async\" width=\"1137\" height=\"800\" src=\"https:\/\/musikorta.eus\/wp-content\/uploads\/2021\/09\/MK-grabazio-gela-6-1137x800.png\" alt=\"\" loading=\"lazy\" srcset=\"https:\/\/musikorta.eus\/wp-content\/uploads\/2021\/09\/MK-grabazio-gela-6-1137x800.png 1137w, https:\/\/musikorta.eus\/wp-content\/uploads\/2021\/09\/MK-grabazio-gela-6-800x563.png 800w, https:\/\/musikorta.eus\/wp-content\/uploads\/2021\/09\/MK-grabazio-gela-6-768x540.png 768w, https:\/\/musikorta.eus\/wp-content\/uploads\/2021\/09\/MK-grabazio-gela-6.png 1500w\" sizes=\"(max-width: 1137px) 100vw, 1137px\" \/>\t\t\t\t\t\t\t\t\t\t\t\t\t\t\t<\/p>\n<h3>Salas<\/h3>\n<ul>\n<li>Control de 24 m2<\/li>\n<li>Sala de grabaci\u00f3n de 24 m2<\/li>\n<\/ul>\n<p>\t\t\t\t\t\t\t\t\t\t\t\t\t\t\t<img decoding=\"async\" width=\"1200\" height=\"797\" src=\"https:\/\/musikorta.eus\/wp-content\/uploads\/2021\/09\/MK-grabazio-gela-2-1200x797.png\" alt=\"\" loading=\"lazy\" srcset=\"https:\/\/musikorta.eus\/wp-content\/uploads\/2021\/09\/MK-grabazio-gela-2-1200x797.png 1200w, https:\/\/musikorta.eus\/wp-content\/uploads\/2021\/09\/MK-grabazio-gela-2-800x531.png 800w, https:\/\/musikorta.eus\/wp-content\/uploads\/2021\/09\/MK-grabazio-gela-2-768x510.png 768w, https:\/\/musikorta.eus\/wp-content\/uploads\/2021\/09\/MK-grabazio-gela-2.png 1500w\" sizes=\"(max-width: 1200px) 100vw, 1200px\" \/>\t\t\t\t\t\t\t\t\t\t\t\t\t\t\t<\/p>\n<h3>Monitores<\/h3>\n<ul>\n<li>Westlake Audio BBSM-6 + Amcron D-150A amp<\/li>\n<li>Yamaha NS-10M Studio + Yamaha A100a amp<\/li>\n<li>Sony SMS-1P active<\/li>\n<li>Behringer Truth B2030A active<\/li>\n<\/ul>\n<h3>Equipos de sonorizaci\u00f3n<\/h3>\n<h4>Equipo mediano<\/h4>\n<ul>\n<li>2 altavoces Electro Voice Rx115\/75 biamplificados<\/li>\n<li>Procesador DBX Driverack PA+ y amplificaci\u00f3n T.Amp D4-500 (4x 500w). 3 unidades<\/li>\n<li>Mezcladores:\n<ul>\n<li>Behringer XR18 digital (16 mic input, 2 line input, 8 output)<\/li>\n<li>Allen&amp;Heath GL2 (10 mic in, 2 st line in, 6 aux, L-R)<\/li>\n<li>Monitores: JBL MR802 (x2), The Box Pro Mon P12 (x2)<\/li>\n<li>Microfonia: Shure beta52, SM58 (x5), SM57 (x4), 98 (x5), Calrec CM1050C (x3),\u2026<\/li>\n<\/ul>\n<\/li>\n<\/ul>\n<h4>Equipo peque\u00f1o<\/h4>\n<ul>\n<li>5 altavoces T. Box CL108 TOP<\/li>\n<li>2 altavoces the box pro Mon P12<\/li>\n<li>Amplificaci\u00f3n y microfonia necesarias en cada caso<\/li>\n<\/ul>\n<h4>Grabadores<\/h4>\n<ul>\n<li>Alesis ADAT 8 track professional digital recorder (x2)<\/li>\n<li>Tascam DA-88 8 track professional digital recorder (x4)<\/li>\n<li>Revox B77 mkII 2 pistatako grabagailu analogikoa<\/li>\n<li>Nakamichi MR-1 professional stereo analog cassette recorder<\/li>\n<li>Technics RS-TR575 stereo analog cassette recorder<\/li>\n<li>HHB CDR-830 professional stereo CD recorder<\/li>\n<li>Marantz CDR610 mkII professional stereo CD recorder<\/li>\n<li>Sony MDS-JE520 professional stereo minidisc recorder<\/li>\n<\/ul>\n<h4>Varios<\/h4>\n<ul>\n<li>Aphex 204 stereo aural exciter<\/li>\n<li>General Radio Company 1304-B tube audio generator<\/li>\n<li>MK-1306 Moog sintethizer DIY<\/li>\n<li>Alesis Nano piano sound module<\/li>\n<li>Roland U-220 sound module + SN-U110-05 &amp; SN-U110-11 sound cards<\/li>\n<li>Alesis DM4 drum module<\/li>\n<li>Audio Control SA-3051 analyzer<\/li>\n<li>RTW PPM 1206 digital vumeter<\/li>\n<li>RTW COR1260 phase meter<\/li>\n<\/ul>\n","protected":false},"excerpt":{"rendered":"<p>Nuestros cacharros El mezclador Mesa de mezclas anal\u00f3gica MCI JH-636, 20 canales, fabricada en Chicago en 1980. El coraz\u00f3n de nuestro estudio. Fue la mesa de mezclas de los m\u00edticos estudios Xoxoa; en ella se grabaron discos hist\u00f3ricos de la m\u00fasica vasca, como \u201cLau-bost\u201d de Mikel Laboa, \u201cEzekiel\u201d y \u201cAlkolea\u201d de Itoiz, \u201cHautsi da anphora\u201d &hellip;<\/p>\n<p class=\"read-more\"> <a class=\"\" href=\"https:\/\/musikorta.eus\/es\/nuestros-cacharros\/\"> <span class=\"screen-reader-text\">Nuestros cacharros<\/span> Leer m\u00e1s &raquo;<\/a><\/p>\n","protected":false},"author":1,"featured_media":0,"parent":0,"menu_order":0,"comment_status":"closed","ping_status":"closed","template":"","meta":{"site-sidebar-layout":"no-sidebar","site-content-layout":"page-builder","ast-global-header-display":"","ast-main-header-display":"","ast-hfb-above-header-display":"","ast-hfb-below-header-display":"","ast-hfb-mobile-header-display":"","site-post-title":"disabled","ast-breadcrumbs-content":"disabled","ast-featured-img":"disabled","footer-sml-layout":"","theme-transparent-header-meta":"enabled","adv-header-id-meta":"","stick-header-meta":"","header-above-stick-meta":"","header-main-stick-meta":"","header-below-stick-meta":""},"yoast_head":"<!-- This site is optimized with the Yoast SEO plugin v20.4 - https:\/\/yoast.com\/wordpress\/plugins\/seo\/ -->\n<title>Nuestros cacharros - Musikorta<\/title>\n<meta name=\"robots\" content=\"index, follow, max-snippet:-1, max-image-preview:large, max-video-preview:-1\" \/>\n<link rel=\"canonical\" href=\"https:\/\/musikorta.eus\/es\/nuestros-cacharros\/\" \/>\n<meta property=\"og:locale\" content=\"es_ES\" \/>\n<meta property=\"og:type\" content=\"article\" \/>\n<meta property=\"og:title\" content=\"Nuestros cacharros - Musikorta\" \/>\n<meta property=\"og:description\" content=\"Nuestros cacharros El mezclador Mesa de mezclas anal\u00f3gica MCI JH-636, 20 canales, fabricada en Chicago en 1980. El coraz\u00f3n de nuestro estudio. Fue la mesa de mezclas de los m\u00edticos estudios Xoxoa; en ella se grabaron discos hist\u00f3ricos de la m\u00fasica vasca, como \u201cLau-bost\u201d de Mikel Laboa, \u201cEzekiel\u201d y \u201cAlkolea\u201d de Itoiz, \u201cHautsi da anphora\u201d &hellip; Nuestros cacharros Leer m\u00e1s &raquo;\" \/>\n<meta property=\"og:url\" content=\"https:\/\/musikorta.eus\/es\/nuestros-cacharros\/\" \/>\n<meta property=\"og:site_name\" content=\"Musikorta\" \/>\n<meta property=\"article:modified_time\" content=\"2023-08-01T15:18:01+00:00\" \/>\n<meta property=\"og:image\" content=\"https:\/\/musikorta.eus\/wp-content\/uploads\/2021\/09\/MK-MCI-JH636-3-1200x782.png\" \/>\n<meta name=\"twitter:card\" content=\"summary_large_image\" \/>\n<meta name=\"twitter:label1\" content=\"Tiempo de lectura\" \/>\n\t<meta name=\"twitter:data1\" content=\"3 minutos\" \/>\n<script type=\"application\/ld+json\" class=\"yoast-schema-graph\">{\"@context\":\"https:\/\/schema.org\",\"@graph\":[{\"@type\":\"WebPage\",\"@id\":\"https:\/\/musikorta.eus\/es\/nuestros-cacharros\/\",\"url\":\"https:\/\/musikorta.eus\/es\/nuestros-cacharros\/\",\"name\":\"Nuestros cacharros - Musikorta\",\"isPartOf\":{\"@id\":\"https:\/\/musikorta.eus\/#website\"},\"datePublished\":\"2021-03-12T08:06:04+00:00\",\"dateModified\":\"2023-08-01T15:18:01+00:00\",\"breadcrumb\":{\"@id\":\"https:\/\/musikorta.eus\/es\/nuestros-cacharros\/#breadcrumb\"},\"inLanguage\":\"es\",\"potentialAction\":[{\"@type\":\"ReadAction\",\"target\":[\"https:\/\/musikorta.eus\/es\/nuestros-cacharros\/\"]}]},{\"@type\":\"BreadcrumbList\",\"@id\":\"https:\/\/musikorta.eus\/es\/nuestros-cacharros\/#breadcrumb\",\"itemListElement\":[{\"@type\":\"ListItem\",\"position\":1,\"name\":\"Home\",\"item\":\"https:\/\/musikorta.eus\/es\/\"},{\"@type\":\"ListItem\",\"position\":2,\"name\":\"Nuestros cacharros\"}]},{\"@type\":\"WebSite\",\"@id\":\"https:\/\/musikorta.eus\/#website\",\"url\":\"https:\/\/musikorta.eus\/\",\"name\":\"Musikorta\",\"description\":\"Musika estudioa Amoroton\",\"publisher\":{\"@id\":\"https:\/\/musikorta.eus\/#organization\"},\"potentialAction\":[{\"@type\":\"SearchAction\",\"target\":{\"@type\":\"EntryPoint\",\"urlTemplate\":\"https:\/\/musikorta.eus\/?s={search_term_string}\"},\"query-input\":\"required name=search_term_string\"}],\"inLanguage\":\"es\"},{\"@type\":\"Organization\",\"@id\":\"https:\/\/musikorta.eus\/#organization\",\"name\":\"Musikorta\",\"url\":\"https:\/\/musikorta.eus\/\",\"logo\":{\"@type\":\"ImageObject\",\"inLanguage\":\"es\",\"@id\":\"https:\/\/musikorta.eus\/#\/schema\/logo\/image\/\",\"url\":\"https:\/\/musikorta.eus\/wp-content\/uploads\/2021\/09\/musikorta.jpg\",\"contentUrl\":\"https:\/\/musikorta.eus\/wp-content\/uploads\/2021\/09\/musikorta.jpg\",\"width\":512,\"height\":498,\"caption\":\"Musikorta\"},\"image\":{\"@id\":\"https:\/\/musikorta.eus\/#\/schema\/logo\/image\/\"}}]}<\/script>\n<!-- \/ Yoast SEO plugin. -->","yoast_head_json":{"title":"Nuestros cacharros - Musikorta","robots":{"index":"index","follow":"follow","max-snippet":"max-snippet:-1","max-image-preview":"max-image-preview:large","max-video-preview":"max-video-preview:-1"},"canonical":"https:\/\/musikorta.eus\/es\/nuestros-cacharros\/","og_locale":"es_ES","og_type":"article","og_title":"Nuestros cacharros - Musikorta","og_description":"Nuestros cacharros El mezclador Mesa de mezclas anal\u00f3gica MCI JH-636, 20 canales, fabricada en Chicago en 1980. El coraz\u00f3n de nuestro estudio. Fue la mesa de mezclas de los m\u00edticos estudios Xoxoa; en ella se grabaron discos hist\u00f3ricos de la m\u00fasica vasca, como \u201cLau-bost\u201d de Mikel Laboa, \u201cEzekiel\u201d y \u201cAlkolea\u201d de Itoiz, \u201cHautsi da anphora\u201d &hellip; Nuestros cacharros Leer m\u00e1s &raquo;","og_url":"https:\/\/musikorta.eus\/es\/nuestros-cacharros\/","og_site_name":"Musikorta","article_modified_time":"2023-08-01T15:18:01+00:00","og_image":[{"url":"https:\/\/musikorta.eus\/wp-content\/uploads\/2021\/09\/MK-MCI-JH636-3-1200x782.png"}],"twitter_card":"summary_large_image","twitter_misc":{"Tiempo de lectura":"3 minutos"},"schema":{"@context":"https:\/\/schema.org","@graph":[{"@type":"WebPage","@id":"https:\/\/musikorta.eus\/es\/nuestros-cacharros\/","url":"https:\/\/musikorta.eus\/es\/nuestros-cacharros\/","name":"Nuestros cacharros - Musikorta","isPartOf":{"@id":"https:\/\/musikorta.eus\/#website"},"datePublished":"2021-03-12T08:06:04+00:00","dateModified":"2023-08-01T15:18:01+00:00","breadcrumb":{"@id":"https:\/\/musikorta.eus\/es\/nuestros-cacharros\/#breadcrumb"},"inLanguage":"es","potentialAction":[{"@type":"ReadAction","target":["https:\/\/musikorta.eus\/es\/nuestros-cacharros\/"]}]},{"@type":"BreadcrumbList","@id":"https:\/\/musikorta.eus\/es\/nuestros-cacharros\/#breadcrumb","itemListElement":[{"@type":"ListItem","position":1,"name":"Home","item":"https:\/\/musikorta.eus\/es\/"},{"@type":"ListItem","position":2,"name":"Nuestros cacharros"}]},{"@type":"WebSite","@id":"https:\/\/musikorta.eus\/#website","url":"https:\/\/musikorta.eus\/","name":"Musikorta","description":"Musika estudioa Amoroton","publisher":{"@id":"https:\/\/musikorta.eus\/#organization"},"potentialAction":[{"@type":"SearchAction","target":{"@type":"EntryPoint","urlTemplate":"https:\/\/musikorta.eus\/?s={search_term_string}"},"query-input":"required name=search_term_string"}],"inLanguage":"es"},{"@type":"Organization","@id":"https:\/\/musikorta.eus\/#organization","name":"Musikorta","url":"https:\/\/musikorta.eus\/","logo":{"@type":"ImageObject","inLanguage":"es","@id":"https:\/\/musikorta.eus\/#\/schema\/logo\/image\/","url":"https:\/\/musikorta.eus\/wp-content\/uploads\/2021\/09\/musikorta.jpg","contentUrl":"https:\/\/musikorta.eus\/wp-content\/uploads\/2021\/09\/musikorta.jpg","width":512,"height":498,"caption":"Musikorta"},"image":{"@id":"https:\/\/musikorta.eus\/#\/schema\/logo\/image\/"}}]}},"_links":{"self":[{"href":"https:\/\/musikorta.eus\/es\/wp-json\/wp\/v2\/pages\/1021"}],"collection":[{"href":"https:\/\/musikorta.eus\/es\/wp-json\/wp\/v2\/pages"}],"about":[{"href":"https:\/\/musikorta.eus\/es\/wp-json\/wp\/v2\/types\/page"}],"author":[{"embeddable":true,"href":"https:\/\/musikorta.eus\/es\/wp-json\/wp\/v2\/users\/1"}],"replies":[{"embeddable":true,"href":"https:\/\/musikorta.eus\/es\/wp-json\/wp\/v2\/comments?post=1021"}],"version-history":[{"count":17,"href":"https:\/\/musikorta.eus\/es\/wp-json\/wp\/v2\/pages\/1021\/revisions"}],"predecessor-version":[{"id":1616,"href":"https:\/\/musikorta.eus\/es\/wp-json\/wp\/v2\/pages\/1021\/revisions\/1616"}],"wp:attachment":[{"href":"https:\/\/musikorta.eus\/es\/wp-json\/wp\/v2\/media?parent=1021"}],"curies":[{"name":"wp","href":"https:\/\/api.w.org\/{rel}","templated":true}]}}